{"id":21264,"date":"2019-02-19T12:42:05","date_gmt":"2019-02-19T11:42:05","guid":{"rendered":"https:\/\/genevaclassiccarclub.ch\/produit\/new-car-test\/"},"modified":"2020-01-28T21:20:06","modified_gmt":"2020-01-28T20:20:06","slug":"maserati-3200-gt","status":"publish","type":"product","link":"https:\/\/genevaclassiccarclub.ch\/de\/produit\/maserati-3200-gt\/","title":{"rendered":"Maserati 3200 GT"},"content":{"rendered":"<p>[et_pb_section fb_built=&#8220;1&#8243; fullwidth=&#8220;on&#8220; _builder_version=&#8220;4.1&#8243; min_height=&#8220;75px&#8220; height=&#8220;75px&#8220; max_height=&#8220;75px&#8220; global_module=&#8220;22495&#8243;][et_pb_fullwidth_menu fullwidth_menu=&#8220;on&#8220; active_link_color=&#8220;#a80606&#8243; logo=&#8220;https:\/\/genevaclassiccarclub.ch\/wp-content\/uploads\/2019\/12\/gccc_logo_resize.png&#8220; logo_url=&#8220;@ET-DC@eyJkeW5hbWljIjp0cnVlLCJjb250ZW50IjoiaG9tZV91cmwiLCJzZXR0aW5ncyI6e319@&#8220; logo_max_height=&#8220;45px&#8220; show_cart_icon=&#8220;on&#8220; _builder_version=&#8220;4.1&#8243; _dynamic_attributes=&#8220;logo_url&#8220; menu_font=&#8220;Georgia||||||||&#8220; menu_text_color=&#8220;#000000&#8243; menu_font_size=&#8220;16px&#8220; use_background_color_gradient=&#8220;on&#8220; background_color_gradient_start=&#8220;#ffffff&#8220; background_color_gradient_end=&#8220;#ededed&#8220; background_color_gradient_direction=&#8220;90deg&#8220; background_color_gradient_overlays_image=&#8220;on&#8220; text_orientation=&#8220;right&#8220; border_width_bottom=&#8220;1px&#8220; border_color_bottom=&#8220;#bababa&#8220;][\/et_pb_fullwidth_menu][\/et_pb_section][et_pb_section fb_built=&#8220;1&#8243; fullwidth=&#8220;on&#8220; admin_label=&#8220;Divider&#8220; _builder_version=&#8220;4.0.6&#8243; use_background_color_gradient=&#8220;on&#8220; background_color_gradient_start=&#8220;#000202&#8243; background_color_gradient_end=&#8220;#ba0000&#8243; background_color_gradient_direction=&#8220;90deg&#8220; height=&#8220;5px&#8220; saved_tabs=&#8220;all&#8220;][\/et_pb_section][et_pb_section fb_built=&#8220;1&#8243; _builder_version=&#8220;4.0.6&#8243; use_background_color_gradient=&#8220;on&#8220; background_color_gradient_start=&#8220;rgba(255,255,255,0.29)&#8220; background_color_gradient_end=&#8220;rgba(255,255,255,0)&#8220; background_color_gradient_direction=&#8220;90deg&#8220; background_color_gradient_start_position=&#8220;56%&#8220; background_color_gradient_overlays_image=&#8220;on&#8220; background_image=&#8220;https:\/\/genevaclassiccarclub.ch\/wp-content\/uploads\/2019\/09\/L9378114.jpg&#8220; custom_padding=&#8220;38px||||false|false&#8220;][et_pb_row _builder_version=&#8220;4.1&#8243; background_color=&#8220;#ffffff&#8220; background_size=&#8220;initial&#8220; background_position=&#8220;top_left&#8220; background_repeat=&#8220;repeat&#8220; custom_margin=&#8220;||||false|false&#8220; custom_margin_tablet=&#8220;&#8220; custom_margin_phone=&#8220;|0px||0px|false|false&#8220; custom_margin_last_edited=&#8220;on|phone&#8220; custom_padding=&#8220;15px|35px|29px|26px|false|false&#8220; hover_enabled=&#8220;0&#8243; saved_tabs=&#8220;all&#8220; width_last_edited=&#8220;on|phone&#8220; width_phone=&#8220;100%&#8220;][et_pb_column type=&#8220;4_4&#8243; _builder_version=&#8220;4.0.6&#8243; custom_padding=&#8220;|||&#8220; custom_padding_tablet=&#8220;&#8220; custom_padding_phone=&#8220;|30px||30px|false|false&#8220; custom_padding_last_edited=&#8220;on|phone&#8220; custom_padding__hover=&#8220;|||&#8220;][et_pb_wc_title _builder_version=&#8220;3.0.47&#8243; custom_margin=&#8220;||-3px|||&#8220; custom_padding=&#8220;||18px|||&#8220;][\/et_pb_wc_title][et_pb_wc_description description_type=&#8220;description&#8220; _builder_version=&#8220;4.0.6&#8243; body_font=&#8220;||||||||&#8220; body_font_size=&#8220;15px&#8220; background_enable_color=&#8220;off&#8220;][\/et_pb_wc_description][\/et_pb_column][\/et_pb_row][et_pb_row column_structure=&#8220;1_2,1_2&#8243; _builder_version=&#8220;4.0.6&#8243; background_color=&#8220;#ffffff&#8220; background_size=&#8220;initial&#8220; background_position=&#8220;top_left&#8220; background_repeat=&#8220;repeat&#8220; width=&#8220;100%&#8220; custom_padding=&#8220;0px||0px||false|false&#8220; saved_tabs=&#8220;all&#8220;][et_pb_column type=&#8220;1_2&#8243; _builder_version=&#8220;3.25&#8243; custom_padding=&#8220;|||&#8220; custom_padding__hover=&#8220;|||&#8220;][et_pb_wc_images show_sale_badge=&#8220;off&#8220; _builder_version=&#8220;4.0.6&#8243;][\/et_pb_wc_images][\/et_pb_column][et_pb_column type=&#8220;1_2&#8243; _builder_version=&#8220;4.0.6&#8243; background_enable_color=&#8220;off&#8220; use_background_color_gradient=&#8220;on&#8220; background_color_gradient_start=&#8220;rgba(81,81,81,0.63)&#8220; background_color_gradient_end=&#8220;#515151&#8243; background_color_gradient_start_position=&#8220;13%&#8220; custom_padding=&#8220;20px|20px|20px|20px|false|false&#8220; border_radii=&#8220;on|2px|2px|2px|2px&#8220; box_shadow_style=&#8220;preset4&#8243; box_shadow_horizontal=&#8220;0px&#8220; box_shadow_vertical=&#8220;4px&#8220; box_shadow_spread=&#8220;-1px&#8220; box_shadow_color=&#8220;rgba(0,0,0,0.13)&#8220; custom_padding__hover=&#8220;|||&#8220;][et_pb_wc_rating _builder_version=&#8220;3.0.47&#8243; custom_margin=&#8220;-2em|0em|1.618em|0em|false|false&#8220;][\/et_pb_wc_rating][et_pb_wc_price _builder_version=&#8220;3.0.47&#8243;][\/et_pb_wc_price][et_pb_wc_add_to_cart show_quantity=&#8220;off&#8220; show_stock=&#8220;off&#8220; _builder_version=&#8220;4.0.5&#8243; body_text_color=&#8220;#ffffff&#8220; custom_button=&#8220;on&#8220; button_text_color=&#8220;#ffffff&#8220; button_border_color=&#8220;#ffffff&#8220; button_border_radius=&#8220;25px&#8220; button_icon=&#8220;%%95%%&#8220; button_icon_color=&#8220;#000000&#8243; button_icon_placement=&#8220;left&#8220; button_custom_margin=&#8220;|auto||auto|false|true&#8220; text_orientation=&#8220;center&#8220; custom_padding=&#8220;0px|||||&#8220; border_color_all=&#8220;#ffffff&#8220;][\/et_pb_wc_add_to_cart][et_pb_wc_description _builder_version=&#8220;4.0.6&#8243; body_text_color=&#8220;#ffffff&#8220;][\/et_pb_wc_description][\/et_pb_column][\/et_pb_row][\/et_pb_section][et_pb_section fb_built=&#8220;1&#8243; fullwidth=&#8220;on&#8220; admin_label=&#8220;Divider&#8220; _builder_version=&#8220;4.0.6&#8243; use_background_color_gradient=&#8220;on&#8220; background_color_gradient_start=&#8220;#000202&#8243; background_color_gradient_end=&#8220;#ba0000&#8243; background_color_gradient_direction=&#8220;90deg&#8220; height=&#8220;5px&#8220; saved_tabs=&#8220;all&#8220;][\/et_pb_section][et_pb_section fb_built=&#8220;1&#8243; fullwidth=&#8220;on&#8220; _builder_version=&#8220;4.0.5&#8243; saved_tabs=&#8220;all&#8220;][et_pb_dpfullwidth_blog remove_current_post=&#8220;on&#8220; custom_post_types=&#8220;product&#8220; include_categories=&#8220;86&#8243; show_date=&#8220;off&#8220; show_categories=&#8220;on&#8220; hover_icon=&#8220;%%171%%&#8220; _builder_version=&#8220;4.0.6&#8243;][\/et_pb_dpfullwidth_blog][\/et_pb_section][et_pb_section fb_built=&#8220;1&#8243; _builder_version=&#8220;4.0.6&#8243; background_enable_color=&#8220;off&#8220; use_background_color_gradient=&#8220;on&#8220; background_color_gradient_start=&#8220;#000000&#8243; background_color_gradient_end=&#8220;#2d2d2d&#8220; background_color_gradient_direction=&#8220;90deg&#8220; height=&#8220;126px&#8220; height_tablet=&#8220;&#8220; height_phone=&#8220;&#8220; height_last_edited=&#8220;on|phone&#8220; custom_margin_tablet=&#8220;&#8220; custom_margin_phone=&#8220;||0px||false|false&#8220; custom_margin_last_edited=&#8220;on|phone&#8220; custom_padding=&#8220;0px||4px|||&#8220; saved_tabs=&#8220;all&#8220; global_module=&#8220;21181&#8243;][et_pb_row column_structure=&#8220;1_5,1_5,1_5,1_5,1_5&#8243; use_custom_gutter=&#8220;on&#8220; gutter_width=&#8220;1&#8243; make_equal=&#8220;on&#8220; _builder_version=&#8220;4.1&#8243; custom_padding=&#8220;||0px||false|false&#8220;][et_pb_column type=&#8220;1_5&#8243; _builder_version=&#8220;4.0.6&#8243;][et_pb_blurb title=&#8220;Kontakt&#8220; url=&#8220;@ET-DC@eyJkeW5hbWljIjp0cnVlLCJjb250ZW50IjoicG9zdF9saW5rX3VybF9wYWdlIiwic2V0dGluZ3MiOnsicG9zdF9pZCI6IjU5In19@&#8220; use_icon=&#8220;on&#8220; font_icon=&#8220;%%153%%&#8220; icon_color=&#8220;#ffffff&#8220; content_max_width=&#8220;80px&#8220; use_icon_font_size=&#8220;on&#8220; icon_font_size=&#8220;36px&#8220; _builder_version=&#8220;4.1&#8243; _dynamic_attributes=&#8220;url&#8220; header_level=&#8220;h5&#8243; header_font=&#8220;Georgia||||||||&#8220; header_text_align=&#8220;center&#8220; header_text_color=&#8220;#ffffff&#8220; body_text_align=&#8220;center&#8220; text_orientation=&#8220;center&#8220; width=&#8220;80px&#8220; module_alignment=&#8220;center&#8220; custom_margin=&#8220;||25px||false|false&#8220; animation=&#8220;off&#8220; custom_css_blurb_image=&#8220;margin-bottom:15px;&#8220;][\/et_pb_blurb][\/et_pb_column][et_pb_column type=&#8220;1_5&#8243; _builder_version=&#8220;4.0.6&#8243;][et_pb_blurb title=&#8220;\u00dcber Uns&#8220; url=&#8220;@ET-DC@eyJkeW5hbWljIjp0cnVlLCJjb250ZW50IjoicG9zdF9saW5rX3VybF9wYWdlIiwic2V0dGluZ3MiOnsicG9zdF9pZCI6IjU3In19@&#8220; use_icon=&#8220;on&#8220; font_icon=&#8220;%%258%%&#8220; icon_color=&#8220;#ffffff&#8220; content_max_width=&#8220;80px&#8220; use_icon_font_size=&#8220;on&#8220; icon_font_size=&#8220;36px&#8220; _builder_version=&#8220;4.1&#8243; _dynamic_attributes=&#8220;url&#8220; header_level=&#8220;h5&#8243; header_font=&#8220;Georgia||||||||&#8220; header_text_align=&#8220;center&#8220; header_text_color=&#8220;#ffffff&#8220; body_text_align=&#8220;center&#8220; text_orientation=&#8220;center&#8220; width=&#8220;80px&#8220; module_alignment=&#8220;center&#8220; custom_margin=&#8220;||25px||false|false&#8220; animation=&#8220;off&#8220; custom_css_blurb_image=&#8220;margin-bottom:15px;&#8220;][\/et_pb_blurb][\/et_pb_column][et_pb_column type=&#8220;1_5&#8243; _builder_version=&#8220;4.0.6&#8243;][et_pb_blurb title=&#8220;AGB&#8220; url=&#8220;@ET-DC@eyJkeW5hbWljIjp0cnVlLCJjb250ZW50IjoicG9zdF9saW5rX3VybF9wYWdlIiwic2V0dGluZ3MiOnsicG9zdF9pZCI6IjUzMyJ9fQ==@&#8220; use_icon=&#8220;on&#8220; font_icon=&#8220;%%168%%&#8220; icon_color=&#8220;#ffffff&#8220; content_max_width=&#8220;90px&#8220; use_icon_font_size=&#8220;on&#8220; icon_font_size=&#8220;36px&#8220; _builder_version=&#8220;4.1&#8243; _dynamic_attributes=&#8220;url&#8220; header_level=&#8220;h5&#8243; header_font=&#8220;Georgia||||||||&#8220; header_text_align=&#8220;center&#8220; header_text_color=&#8220;#ffffff&#8220; body_text_align=&#8220;center&#8220; text_orientation=&#8220;center&#8220; width=&#8220;90px&#8220; module_alignment=&#8220;center&#8220; custom_margin=&#8220;||25px||false|false&#8220; animation=&#8220;off&#8220; custom_css_blurb_image=&#8220;margin-bottom:15px;&#8220;][\/et_pb_blurb][\/et_pb_column][et_pb_column type=&#8220;1_5&#8243; _builder_version=&#8220;4.0.6&#8243;][et_pb_blurb title=&#8220;Archiv&#8220; url=&#8220;@ET-DC@eyJkeW5hbWljIjp0cnVlLCJjb250ZW50IjoicG9zdF9saW5rX3VybF9wYWdlIiwic2V0dGluZ3MiOnsicG9zdF9pZCI6IjI1MzQifX0=@&#8220; use_icon=&#8220;on&#8220; font_icon=&#8220;%%125%%&#8220; icon_color=&#8220;#ffffff&#8220; content_max_width=&#8220;80px&#8220; use_icon_font_size=&#8220;on&#8220; icon_font_size=&#8220;36px&#8220; _builder_version=&#8220;4.1&#8243; _dynamic_attributes=&#8220;url&#8220; header_level=&#8220;h5&#8243; header_font=&#8220;Georgia||||||||&#8220; header_text_align=&#8220;center&#8220; header_text_color=&#8220;#ffffff&#8220; body_text_align=&#8220;center&#8220; text_orientation=&#8220;center&#8220; width=&#8220;80px&#8220; module_alignment=&#8220;center&#8220; custom_margin=&#8220;||25px||false|false&#8220; animation=&#8220;off&#8220; custom_css_blurb_image=&#8220;margin-bottom:15px;&#8220;][\/et_pb_blurb][\/et_pb_column][et_pb_column type=&#8220;1_5&#8243; _builder_version=&#8220;4.0.6&#8243;][et_pb_blurb title=&#8220;FAQ&#8220; url=&#8220;@ET-DC@eyJkeW5hbWljIjp0cnVlLCJjb250ZW50IjoicG9zdF9saW5rX3VybF9wYWdlIiwic2V0dGluZ3MiOnsicG9zdF9pZCI6IjIwMjU2In19@&#8220; use_icon=&#8220;on&#8220; font_icon=&#8220;%%84%%&#8220; icon_color=&#8220;#ffffff&#8220; content_max_width=&#8220;80px&#8220; use_icon_font_size=&#8220;on&#8220; icon_font_size=&#8220;36px&#8220; _builder_version=&#8220;4.1&#8243; _dynamic_attributes=&#8220;url&#8220; header_level=&#8220;h5&#8243; header_font=&#8220;Georgia||||||||&#8220; header_text_align=&#8220;center&#8220; header_text_color=&#8220;#ffffff&#8220; body_text_align=&#8220;center&#8220; text_orientation=&#8220;center&#8220; width=&#8220;80px&#8220; module_alignment=&#8220;center&#8220; custom_margin=&#8220;||25px||false|false&#8220; animation=&#8220;off&#8220; custom_css_blurb_image=&#8220;margin-bottom:15px;&#8220;][\/et_pb_blurb][\/et_pb_column][\/et_pb_row][\/et_pb_section]<\/p>\n","protected":false},"excerpt":{"rendered":"<p><strong>Baujahr :<\/strong> 1999<br \/>\n<strong>Motor :<\/strong> 8-Zylinder-V, 3,2 Liter, Einspritzung, Doppelturbos<br \/>\n<strong>Leistung :<\/strong> 370 PS<br \/>\n<strong>Getriebe :<\/strong> 6-Gang-Handschaltung<br \/>\n<strong>H\u00f6chstgeschwindigkeit :<\/strong> 280 km\/h<br \/>\n<strong>Beschleunigung 0-100km\/h :<\/strong> 5,2 Sek<br \/>\n<strong>Sitzpl\u00e4tze :<\/strong> 4<br \/>\n<strong>Sicherheitsgurte :<\/strong> ja<\/p>\n<p><strong>Kategorie :<\/strong> \u2605\u2605\u2605\u2605\u2605<\/p>\n","protected":false},"featured_media":21068,"comment_status":"closed","ping_status":"closed","template":"","meta":{"_et_pb_use_builder":"on","_et_pb_old_content":"<div class=\"et_pb_tab_content\">\r\n<div class=\"et_pb_column et_pb_column_4_4 et_pb_column_3 et_pb_css_mix_blend_mode_passthrough et-last-child\">\r\n<div class=\"et_pb_module et_pb_text et_pb_text_3 et_pb_bg_layout_light et_pb_text_align_left\">\r\n<div class=\"et_pb_text_inner\">\r\n\r\nDas Auto bedeutete das Comeback von Maserati! Mit Hilfe von Ferrari hat Maserati dieses wunderbare Auto entwickelt, das damals am Ende der 90er Jahre eine Menge Aufsehen erregte. Endlich ein Auto, das sich mit einem Porsche messen kann: Mehr Leistung dank des fantastischen Motors, mehr Innenraum und eine vergleichbare Strassenlage. Das Auto eignet sich sowohl als GT f\u00fcr die reibungslose Bew\u00e4ltigung langer Strecken als auch als Sportwagen f\u00fcr sportives Fahren auf kleinen Strassen. Und dies alles mit Platz f\u00fcr 4 Personen. Ein w\u00fcrdiger Nachfolger des mythischen Maseratis der 50er und 60er Jahren!\r\n\r\n<\/div>\r\n<\/div>\r\n<\/div>\r\n<\/div>","_et_gb_content_width":"","_mi_skip_tracking":false},"product_cat":[186],"product_tag":[],"booking_location":"","booking_location_type":"","booking_duration":1,"booking_duration_unit":"month","booking_buffer":0,"booking_cost":0,"booking_resources":[],"yoast_head":"<!-- This site is optimized with the Yoast SEO plugin v21.8.1 - https:\/\/yoast.com\/wordpress\/plugins\/seo\/ -->\n<title>Maserati 3200 GT - Geneva Classic Car Club<\/title>\n<meta name=\"robots\" content=\"index, follow, max-snippet:-1, max-image-preview:large, max-video-preview:-1\" \/>\n<link rel=\"canonical\" href=\"https:\/\/genevaclassiccarclub.ch\/de\/produit\/maserati-3200-gt\/\" \/>\n<meta property=\"og:locale\" content=\"de_DE\" \/>\n<meta property=\"og:type\" content=\"article\" \/>\n<meta property=\"og:title\" content=\"Maserati 3200 GT - Geneva Classic Car Club\" \/>\n<meta property=\"og:description\" content=\"Baujahr : 1999 Motor : 8-Zylinder-V, 3,2 Liter, Einspritzung, Doppelturbos Leistung : 370 PS Getriebe : 6-Gang-Handschaltung H\u00f6chstgeschwindigkeit : 280 km\/h Beschleunigung 0-100km\/h : 5,2 Sek Sitzpl\u00e4tze : 4 Sicherheitsgurte : ja  Kategorie : \u2605\u2605\u2605\u2605\u2605\" \/>\n<meta property=\"og:url\" content=\"https:\/\/genevaclassiccarclub.ch\/de\/produit\/maserati-3200-gt\/\" \/>\n<meta property=\"og:site_name\" content=\"Geneva Classic Car Club\" \/>\n<meta property=\"article:modified_time\" content=\"2020-01-28T20:20:06+00:00\" \/>\n<meta property=\"og:image\" content=\"https:\/\/genevaclassiccarclub.ch\/wp-content\/uploads\/2019\/02\/3200gt.jpg\" \/>\n\t<meta property=\"og:image:width\" content=\"1278\" \/>\n\t<meta property=\"og:image:height\" content=\"852\" \/>\n\t<meta property=\"og:image:type\" content=\"image\/jpeg\" \/>\n<meta name=\"twitter:card\" content=\"summary_large_image\" \/>\n<meta name=\"twitter:label1\" content=\"Gesch\u00e4tzte Lesezeit\" \/>\n\t<meta name=\"twitter:data1\" content=\"6\u00a0Minuten\" \/>\n<script type=\"application\/ld+json\" class=\"yoast-schema-graph\">{\"@context\":\"https:\/\/schema.org\",\"@graph\":[{\"@type\":\"WebPage\",\"@id\":\"https:\/\/genevaclassiccarclub.ch\/de\/produit\/maserati-3200-gt\/\",\"url\":\"https:\/\/genevaclassiccarclub.ch\/de\/produit\/maserati-3200-gt\/\",\"name\":\"Maserati 3200 GT - Geneva Classic Car Club\",\"isPartOf\":{\"@id\":\"https:\/\/genevaclassiccarclub.ch\/de\/#website\"},\"datePublished\":\"2019-02-19T11:42:05+00:00\",\"dateModified\":\"2020-01-28T20:20:06+00:00\",\"breadcrumb\":{\"@id\":\"https:\/\/genevaclassiccarclub.ch\/de\/produit\/maserati-3200-gt\/#breadcrumb\"},\"inLanguage\":\"de\",\"potentialAction\":[{\"@type\":\"ReadAction\",\"target\":[\"https:\/\/genevaclassiccarclub.ch\/de\/produit\/maserati-3200-gt\/\"]}]},{\"@type\":\"BreadcrumbList\",\"@id\":\"https:\/\/genevaclassiccarclub.ch\/de\/produit\/maserati-3200-gt\/#breadcrumb\",\"itemListElement\":[{\"@type\":\"ListItem\",\"position\":1,\"name\":\"Accueil\",\"item\":\"https:\/\/genevaclassiccarclub.ch\/de\/\"},{\"@type\":\"ListItem\",\"position\":2,\"name\":\"Boutique\",\"item\":\"https:\/\/genevaclassiccarclub.ch\/boutique\/\"},{\"@type\":\"ListItem\",\"position\":3,\"name\":\"Maserati 3200 GT\"}]},{\"@type\":\"WebSite\",\"@id\":\"https:\/\/genevaclassiccarclub.ch\/de\/#website\",\"url\":\"https:\/\/genevaclassiccarclub.ch\/de\/\",\"name\":\"Geneva Classic Car Club\",\"description\":\"Dive into the world of classic cars\",\"potentialAction\":[{\"@type\":\"SearchAction\",\"target\":{\"@type\":\"EntryPoint\",\"urlTemplate\":\"https:\/\/genevaclassiccarclub.ch\/de\/?s={search_term_string}\"},\"query-input\":\"required name=search_term_string\"}],\"inLanguage\":\"de\"}]}<\/script>\n<!-- \/ Yoast SEO plugin. -->","yoast_head_json":{"title":"Maserati 3200 GT - Geneva Classic Car Club","robots":{"index":"index","follow":"follow","max-snippet":"max-snippet:-1","max-image-preview":"max-image-preview:large","max-video-preview":"max-video-preview:-1"},"canonical":"https:\/\/genevaclassiccarclub.ch\/de\/produit\/maserati-3200-gt\/","og_locale":"de_DE","og_type":"article","og_title":"Maserati 3200 GT - Geneva Classic Car Club","og_description":"Baujahr : 1999 Motor : 8-Zylinder-V, 3,2 Liter, Einspritzung, Doppelturbos Leistung : 370 PS Getriebe : 6-Gang-Handschaltung H\u00f6chstgeschwindigkeit : 280 km\/h Beschleunigung 0-100km\/h : 5,2 Sek Sitzpl\u00e4tze : 4 Sicherheitsgurte : ja  Kategorie : \u2605\u2605\u2605\u2605\u2605","og_url":"https:\/\/genevaclassiccarclub.ch\/de\/produit\/maserati-3200-gt\/","og_site_name":"Geneva Classic Car Club","article_modified_time":"2020-01-28T20:20:06+00:00","og_image":[{"width":1278,"height":852,"url":"https:\/\/genevaclassiccarclub.ch\/wp-content\/uploads\/2019\/02\/3200gt.jpg","type":"image\/jpeg"}],"twitter_card":"summary_large_image","twitter_misc":{"Gesch\u00e4tzte Lesezeit":"6\u00a0Minuten"},"schema":{"@context":"https:\/\/schema.org","@graph":[{"@type":"WebPage","@id":"https:\/\/genevaclassiccarclub.ch\/de\/produit\/maserati-3200-gt\/","url":"https:\/\/genevaclassiccarclub.ch\/de\/produit\/maserati-3200-gt\/","name":"Maserati 3200 GT - Geneva Classic Car Club","isPartOf":{"@id":"https:\/\/genevaclassiccarclub.ch\/de\/#website"},"datePublished":"2019-02-19T11:42:05+00:00","dateModified":"2020-01-28T20:20:06+00:00","breadcrumb":{"@id":"https:\/\/genevaclassiccarclub.ch\/de\/produit\/maserati-3200-gt\/#breadcrumb"},"inLanguage":"de","potentialAction":[{"@type":"ReadAction","target":["https:\/\/genevaclassiccarclub.ch\/de\/produit\/maserati-3200-gt\/"]}]},{"@type":"BreadcrumbList","@id":"https:\/\/genevaclassiccarclub.ch\/de\/produit\/maserati-3200-gt\/#breadcrumb","itemListElement":[{"@type":"ListItem","position":1,"name":"Accueil","item":"https:\/\/genevaclassiccarclub.ch\/de\/"},{"@type":"ListItem","position":2,"name":"Boutique","item":"https:\/\/genevaclassiccarclub.ch\/boutique\/"},{"@type":"ListItem","position":3,"name":"Maserati 3200 GT"}]},{"@type":"WebSite","@id":"https:\/\/genevaclassiccarclub.ch\/de\/#website","url":"https:\/\/genevaclassiccarclub.ch\/de\/","name":"Geneva Classic Car Club","description":"Dive into the world of classic cars","potentialAction":[{"@type":"SearchAction","target":{"@type":"EntryPoint","urlTemplate":"https:\/\/genevaclassiccarclub.ch\/de\/?s={search_term_string}"},"query-input":"required name=search_term_string"}],"inLanguage":"de"}]}},"jetpack_sharing_enabled":true,"_links":{"self":[{"href":"https:\/\/genevaclassiccarclub.ch\/de\/wp-json\/wp\/v2\/product\/21264"}],"collection":[{"href":"https:\/\/genevaclassiccarclub.ch\/de\/wp-json\/wp\/v2\/product"}],"about":[{"href":"https:\/\/genevaclassiccarclub.ch\/de\/wp-json\/wp\/v2\/types\/product"}],"replies":[{"embeddable":true,"href":"https:\/\/genevaclassiccarclub.ch\/de\/wp-json\/wp\/v2\/comments?post=21264"}],"wp:featuredmedia":[{"embeddable":true,"href":"https:\/\/genevaclassiccarclub.ch\/de\/wp-json\/wp\/v2\/media\/21068"}],"wp:attachment":[{"href":"https:\/\/genevaclassiccarclub.ch\/de\/wp-json\/wp\/v2\/media?parent=21264"}],"wp:term":[{"taxonomy":"product_cat","embeddable":true,"href":"https:\/\/genevaclassiccarclub.ch\/de\/wp-json\/wp\/v2\/product_cat?post=21264"},{"taxonomy":"product_tag","embeddable":true,"href":"https:\/\/genevaclassiccarclub.ch\/de\/wp-json\/wp\/v2\/product_tag?post=21264"}],"curies":[{"name":"wp","href":"https:\/\/api.w.org\/{rel}","templated":true}]}}