{"id":21343,"date":"2019-12-10T17:13:03","date_gmt":"2019-12-10T16:13:03","guid":{"rendered":"https:\/\/genevaclassiccarclub.ch\/produit\/maserati-quattroporte-iii\/"},"modified":"2020-01-28T20:52:28","modified_gmt":"2020-01-28T19:52:28","slug":"maserati-quattroporte-iii","status":"publish","type":"product","link":"https:\/\/genevaclassiccarclub.ch\/de\/produit\/maserati-quattroporte-iii\/","title":{"rendered":"Maserati Quattroporte III"},"content":{"rendered":"<p>[et_pb_section fb_built=&#8220;1&#8243; fullwidth=&#8220;on&#8220; _builder_version=&#8220;4.1&#8243; min_height=&#8220;75px&#8220; height=&#8220;75px&#8220; max_height=&#8220;75px&#8220; global_module=&#8220;22495&#8243;][et_pb_fullwidth_menu fullwidth_menu=&#8220;on&#8220; active_link_color=&#8220;#a80606&#8243; logo=&#8220;https:\/\/genevaclassiccarclub.ch\/wp-content\/uploads\/2019\/12\/gccc_logo_resize.png&#8220; logo_url=&#8220;@ET-DC@eyJkeW5hbWljIjp0cnVlLCJjb250ZW50IjoiaG9tZV91cmwiLCJzZXR0aW5ncyI6e319@&#8220; logo_max_height=&#8220;45px&#8220; show_cart_icon=&#8220;on&#8220; _builder_version=&#8220;4.1&#8243; _dynamic_attributes=&#8220;logo_url&#8220; menu_font=&#8220;Georgia||||||||&#8220; menu_text_color=&#8220;#000000&#8243; menu_font_size=&#8220;16px&#8220; use_background_color_gradient=&#8220;on&#8220; background_color_gradient_start=&#8220;#ffffff&#8220; background_color_gradient_end=&#8220;#ededed&#8220; background_color_gradient_direction=&#8220;90deg&#8220; background_color_gradient_overlays_image=&#8220;on&#8220; text_orientation=&#8220;right&#8220; border_width_bottom=&#8220;1px&#8220; border_color_bottom=&#8220;#bababa&#8220;][\/et_pb_fullwidth_menu][\/et_pb_section][et_pb_section fb_built=&#8220;1&#8243; fullwidth=&#8220;on&#8220; admin_label=&#8220;Section&#8220; _builder_version=&#8220;4.0.6&#8243; use_background_color_gradient=&#8220;on&#8220; background_color_gradient_start=&#8220;#000202&#8243; background_color_gradient_end=&#8220;#ba0000&#8243; background_color_gradient_direction=&#8220;90deg&#8220; height=&#8220;5px&#8220; saved_tabs=&#8220;all&#8220;][\/et_pb_section][et_pb_section fb_built=&#8220;1&#8243; _builder_version=&#8220;4.0.6&#8243; use_background_color_gradient=&#8220;on&#8220; background_color_gradient_start=&#8220;rgba(255,255,255,0.52)&#8220; background_color_gradient_end=&#8220;rgba(255,255,255,0)&#8220; background_color_gradient_direction=&#8220;90deg&#8220; background_color_gradient_start_position=&#8220;56%&#8220; background_color_gradient_overlays_image=&#8220;on&#8220; background_image=&#8220;https:\/\/genevaclassiccarclub.ch\/wp-content\/uploads\/2017\/07\/quattroporte-1.jpg&#8220; width_tablet=&#8220;&#8220; width_phone=&#8220;&#8220; width_last_edited=&#8220;on|phone&#8220; max_width=&#8220;100%&#8220; custom_padding=&#8220;38px||||false|false&#8220;][et_pb_row _builder_version=&#8220;4.1&#8243; background_color=&#8220;#ffffff&#8220; background_size=&#8220;initial&#8220; background_position=&#8220;top_left&#8220; background_repeat=&#8220;repeat&#8220; width_tablet=&#8220;&#8220; width_phone=&#8220;100%&#8220; width_last_edited=&#8220;on|phone&#8220; custom_margin=&#8220;||||false|false&#8220; custom_margin_tablet=&#8220;&#8220; custom_margin_phone=&#8220;|0px||0px|false|false&#8220; custom_margin_last_edited=&#8220;on|phone&#8220; custom_padding=&#8220;15px|35px|29px|26px|false|false&#8220; hover_enabled=&#8220;0&#8243; saved_tabs=&#8220;all&#8220;][et_pb_column type=&#8220;4_4&#8243; _builder_version=&#8220;4.0.6&#8243; custom_padding=&#8220;|||&#8220; custom_padding_tablet=&#8220;&#8220; custom_padding_phone=&#8220;|30px||30px|false|false&#8220; custom_padding_last_edited=&#8220;on|phone&#8220; custom_padding__hover=&#8220;|||&#8220;][et_pb_wc_title _builder_version=&#8220;3.0.47&#8243; custom_margin=&#8220;||-3px|||&#8220; custom_padding=&#8220;||18px|||&#8220;][\/et_pb_wc_title][et_pb_wc_description description_type=&#8220;description&#8220; _builder_version=&#8220;4.0.6&#8243; body_font=&#8220;||||||||&#8220; body_font_size=&#8220;15px&#8220; background_enable_color=&#8220;off&#8220;][\/et_pb_wc_description][\/et_pb_column][\/et_pb_row][et_pb_row column_structure=&#8220;1_2,1_2&#8243; _builder_version=&#8220;4.0.6&#8243; background_color=&#8220;#ffffff&#8220; background_size=&#8220;initial&#8220; background_position=&#8220;top_left&#8220; background_repeat=&#8220;repeat&#8220; width=&#8220;100%&#8220; custom_padding=&#8220;0px||0px||false|false&#8220; saved_tabs=&#8220;all&#8220;][et_pb_column type=&#8220;1_2&#8243; _builder_version=&#8220;3.25&#8243; custom_padding=&#8220;|||&#8220; custom_padding__hover=&#8220;|||&#8220;][et_pb_wc_images show_sale_badge=&#8220;off&#8220; _builder_version=&#8220;4.0.6&#8243;][\/et_pb_wc_images][\/et_pb_column][et_pb_column type=&#8220;1_2&#8243; _builder_version=&#8220;4.0.6&#8243; background_enable_color=&#8220;off&#8220; use_background_color_gradient=&#8220;on&#8220; background_color_gradient_start=&#8220;rgba(81,81,81,0.63)&#8220; background_color_gradient_end=&#8220;#515151&#8243; background_color_gradient_start_position=&#8220;13%&#8220; custom_padding=&#8220;20px|20px|20px|20px|false|false&#8220; border_radii=&#8220;on|2px|2px|2px|2px&#8220; box_shadow_style=&#8220;preset4&#8243; box_shadow_horizontal=&#8220;0px&#8220; box_shadow_vertical=&#8220;4px&#8220; box_shadow_spread=&#8220;-1px&#8220; box_shadow_color=&#8220;rgba(0,0,0,0.13)&#8220; custom_padding__hover=&#8220;|||&#8220;][et_pb_wc_description _builder_version=&#8220;4.0.6&#8243; body_text_color=&#8220;#ffffff&#8220;][\/et_pb_wc_description][\/et_pb_column][\/et_pb_row][et_pb_row _builder_version=&#8220;4.1&#8243; background_color=&#8220;#ffffff&#8220; width_tablet=&#8220;&#8220; width_phone=&#8220;100%&#8220; width_last_edited=&#8220;on|phone&#8220; custom_padding=&#8220;|20px||20px|false|false&#8220;][et_pb_column type=&#8220;4_4&#8243; _builder_version=&#8220;4.0.6&#8243;][et_pb_testimonial author=&#8220;Mr. Porter&#8220; job_title=&#8220;Creative Director&#8220; _builder_version=&#8220;4.0.6&#8243;]<\/p>\n<p>Despite a last minute request and short turn around Carel at Geneva Classic Car Club provided us with a fantastic service. The car was great, exactly as you\u2019d hope, nothing was too much trouble, the perfect partner for our early spring shoot in Verbier.<\/p>\n<p>[\/et_pb_testimonial][et_pb_post_nav in_same_term=&#8220;on&#8220; taxonomy_name=&#8220;product_cat&#8220; _builder_version=&#8220;4.0.6&#8243;][\/et_pb_post_nav][\/et_pb_column][\/et_pb_row][\/et_pb_section][et_pb_section fb_built=&#8220;1&#8243; fullwidth=&#8220;on&#8220; admin_label=&#8220;Section&#8220; _builder_version=&#8220;4.0.6&#8243; use_background_color_gradient=&#8220;on&#8220; background_color_gradient_start=&#8220;#000202&#8243; background_color_gradient_end=&#8220;#ba0000&#8243; background_color_gradient_direction=&#8220;90deg&#8220; height=&#8220;5px&#8220; saved_tabs=&#8220;all&#8220;][\/et_pb_section][et_pb_section fb_built=&#8220;1&#8243; _builder_version=&#8220;4.0.6&#8243; background_enable_color=&#8220;off&#8220; use_background_color_gradient=&#8220;on&#8220; background_color_gradient_start=&#8220;#000000&#8243; background_color_gradient_end=&#8220;#2d2d2d&#8220; background_color_gradient_direction=&#8220;90deg&#8220; height=&#8220;126px&#8220; height_tablet=&#8220;&#8220; height_phone=&#8220;&#8220; height_last_edited=&#8220;on|phone&#8220; custom_margin_tablet=&#8220;&#8220; custom_margin_phone=&#8220;||0px||false|false&#8220; custom_margin_last_edited=&#8220;on|phone&#8220; custom_padding=&#8220;0px||4px|||&#8220; global_module=&#8220;21181&#8243; saved_tabs=&#8220;all&#8220;][et_pb_row column_structure=&#8220;1_5,1_5,1_5,1_5,1_5&#8243; use_custom_gutter=&#8220;on&#8220; gutter_width=&#8220;1&#8243; make_equal=&#8220;on&#8220; _builder_version=&#8220;4.1&#8243; custom_padding=&#8220;||0px||false|false&#8220;][et_pb_column type=&#8220;1_5&#8243; _builder_version=&#8220;4.0.6&#8243;][et_pb_blurb title=&#8220;Kontakt&#8220; url=&#8220;@ET-DC@eyJkeW5hbWljIjp0cnVlLCJjb250ZW50IjoicG9zdF9saW5rX3VybF9wYWdlIiwic2V0dGluZ3MiOnsicG9zdF9pZCI6IjU5In19@&#8220; use_icon=&#8220;on&#8220; font_icon=&#8220;%%153%%&#8220; icon_color=&#8220;#ffffff&#8220; content_max_width=&#8220;80px&#8220; use_icon_font_size=&#8220;on&#8220; icon_font_size=&#8220;36px&#8220; _builder_version=&#8220;4.1&#8243; _dynamic_attributes=&#8220;url&#8220; header_level=&#8220;h5&#8243; header_font=&#8220;Georgia||||||||&#8220; header_text_align=&#8220;center&#8220; header_text_color=&#8220;#ffffff&#8220; body_text_align=&#8220;center&#8220; text_orientation=&#8220;center&#8220; width=&#8220;80px&#8220; module_alignment=&#8220;center&#8220; custom_margin=&#8220;||25px||false|false&#8220; animation=&#8220;off&#8220; custom_css_blurb_image=&#8220;margin-bottom:15px;&#8220;][\/et_pb_blurb][\/et_pb_column][et_pb_column type=&#8220;1_5&#8243; _builder_version=&#8220;4.0.6&#8243;][et_pb_blurb title=&#8220;\u00dcber Uns&#8220; url=&#8220;@ET-DC@eyJkeW5hbWljIjp0cnVlLCJjb250ZW50IjoicG9zdF9saW5rX3VybF9wYWdlIiwic2V0dGluZ3MiOnsicG9zdF9pZCI6IjU3In19@&#8220; use_icon=&#8220;on&#8220; font_icon=&#8220;%%258%%&#8220; icon_color=&#8220;#ffffff&#8220; content_max_width=&#8220;80px&#8220; use_icon_font_size=&#8220;on&#8220; icon_font_size=&#8220;36px&#8220; _builder_version=&#8220;4.1&#8243; _dynamic_attributes=&#8220;url&#8220; header_level=&#8220;h5&#8243; header_font=&#8220;Georgia||||||||&#8220; header_text_align=&#8220;center&#8220; header_text_color=&#8220;#ffffff&#8220; body_text_align=&#8220;center&#8220; text_orientation=&#8220;center&#8220; width=&#8220;80px&#8220; module_alignment=&#8220;center&#8220; custom_margin=&#8220;||25px||false|false&#8220; animation=&#8220;off&#8220; custom_css_blurb_image=&#8220;margin-bottom:15px;&#8220;][\/et_pb_blurb][\/et_pb_column][et_pb_column type=&#8220;1_5&#8243; _builder_version=&#8220;4.0.6&#8243;][et_pb_blurb title=&#8220;AGB&#8220; url=&#8220;@ET-DC@eyJkeW5hbWljIjp0cnVlLCJjb250ZW50IjoicG9zdF9saW5rX3VybF9wYWdlIiwic2V0dGluZ3MiOnsicG9zdF9pZCI6IjUzMyJ9fQ==@&#8220; use_icon=&#8220;on&#8220; font_icon=&#8220;%%168%%&#8220; icon_color=&#8220;#ffffff&#8220; content_max_width=&#8220;90px&#8220; use_icon_font_size=&#8220;on&#8220; icon_font_size=&#8220;36px&#8220; _builder_version=&#8220;4.1&#8243; _dynamic_attributes=&#8220;url&#8220; header_level=&#8220;h5&#8243; header_font=&#8220;Georgia||||||||&#8220; header_text_align=&#8220;center&#8220; header_text_color=&#8220;#ffffff&#8220; body_text_align=&#8220;center&#8220; text_orientation=&#8220;center&#8220; width=&#8220;90px&#8220; module_alignment=&#8220;center&#8220; custom_margin=&#8220;||25px||false|false&#8220; animation=&#8220;off&#8220; custom_css_blurb_image=&#8220;margin-bottom:15px;&#8220;][\/et_pb_blurb][\/et_pb_column][et_pb_column type=&#8220;1_5&#8243; _builder_version=&#8220;4.0.6&#8243;][et_pb_blurb title=&#8220;Archiv&#8220; url=&#8220;@ET-DC@eyJkeW5hbWljIjp0cnVlLCJjb250ZW50IjoicG9zdF9saW5rX3VybF9wYWdlIiwic2V0dGluZ3MiOnsicG9zdF9pZCI6IjI1MzQifX0=@&#8220; use_icon=&#8220;on&#8220; font_icon=&#8220;%%125%%&#8220; icon_color=&#8220;#ffffff&#8220; content_max_width=&#8220;80px&#8220; use_icon_font_size=&#8220;on&#8220; icon_font_size=&#8220;36px&#8220; _builder_version=&#8220;4.1&#8243; _dynamic_attributes=&#8220;url&#8220; header_level=&#8220;h5&#8243; header_font=&#8220;Georgia||||||||&#8220; header_text_align=&#8220;center&#8220; header_text_color=&#8220;#ffffff&#8220; body_text_align=&#8220;center&#8220; text_orientation=&#8220;center&#8220; width=&#8220;80px&#8220; module_alignment=&#8220;center&#8220; custom_margin=&#8220;||25px||false|false&#8220; animation=&#8220;off&#8220; custom_css_blurb_image=&#8220;margin-bottom:15px;&#8220;][\/et_pb_blurb][\/et_pb_column][et_pb_column type=&#8220;1_5&#8243; _builder_version=&#8220;4.0.6&#8243;][et_pb_blurb title=&#8220;FAQ&#8220; url=&#8220;@ET-DC@eyJkeW5hbWljIjp0cnVlLCJjb250ZW50IjoicG9zdF9saW5rX3VybF9wYWdlIiwic2V0dGluZ3MiOnsicG9zdF9pZCI6IjIwMjU2In19@&#8220; use_icon=&#8220;on&#8220; font_icon=&#8220;%%84%%&#8220; icon_color=&#8220;#ffffff&#8220; content_max_width=&#8220;80px&#8220; use_icon_font_size=&#8220;on&#8220; icon_font_size=&#8220;36px&#8220; _builder_version=&#8220;4.1&#8243; _dynamic_attributes=&#8220;url&#8220; header_level=&#8220;h5&#8243; header_font=&#8220;Georgia||||||||&#8220; header_text_align=&#8220;center&#8220; header_text_color=&#8220;#ffffff&#8220; body_text_align=&#8220;center&#8220; text_orientation=&#8220;center&#8220; width=&#8220;80px&#8220; module_alignment=&#8220;center&#8220; custom_margin=&#8220;||25px||false|false&#8220; animation=&#8220;off&#8220; custom_css_blurb_image=&#8220;margin-bottom:15px;&#8220;][\/et_pb_blurb][\/et_pb_column][\/et_pb_row][\/et_pb_section]<\/p>\n","protected":false},"excerpt":{"rendered":"<div class=\"et_pb_module et_pb_text et_pb_text_1 et_pb_bg_layout_light et_pb_text_align_left\">\n<div class=\"et_pb_text_inner\">\n<div class=\"et_pb_module et_pb_text et_pb_text_1 et_pb_bg_layout_light et_pb_text_align_left\">\n<div class=\"et_pb_text_inner\">\n<div class=\"et_pb_module et_pb_text et_pb_text_1 et_pb_bg_layout_light et_pb_text_align_left\">\n<div class=\"et_pb_text_inner\">\n<div class=\"et_pb_module et_pb_text et_pb_text_1 et_pb_bg_layout_light  et_pb_text_align_left\">\n<div class=\"et_pb_text_inner\">\n<p><strong>Baujahr : <\/strong>1984<br \/>\n<strong>Motor : <\/strong>8-Zylinder-V, 4,9 Liter, 4 Weber-Doppelvergaser<strong><br \/>\n<\/strong><strong>Leistung : <\/strong>290 PS<strong><br \/>\n<\/strong><strong>Getriebe : <\/strong>5-Gang-Handschaltung<strong><br \/>\n<\/strong><strong>H\u00f6chstgeschwindigkeit : <\/strong>240 km\/h<strong><br \/>\n<\/strong><strong>Beschleunigung 0-100km\/h : <\/strong>8.4 sek<strong><br \/>\n<\/strong><strong>Sitzpl\u00e4tze : <\/strong>5<strong><br \/>\n<\/strong><strong>Sicherheitsgurte : <\/strong>ja<\/p>\n<p><strong>Kategorie : \u2605\u2605\u2605\u2605<\/strong><\/p>\n<\/div>\n<\/div>\n<\/div>\n<\/div>\n<\/div>\n<\/div>\n<\/div>\n<\/div>\n","protected":false},"featured_media":1230,"comment_status":"closed","ping_status":"closed","template":"","meta":{"_et_pb_use_builder":"on","_et_pb_old_content":"<div class=\"et_pb_tab_content\">\r\n<div class=\"et_pb_column et_pb_column_4_4 et_pb_column_3 et_pb_css_mix_blend_mode_passthrough et-last-child\">\r\n<div class=\"et_pb_module et_pb_text et_pb_text_3 et_pb_bg_layout_light et_pb_text_align_left\">\r\n<div class=\"et_pb_text_inner\">\r\n\r\n\u00dcppig in der Ausstattung, sportlich im Charakter: so geht Maserati das Thema Limousine an. Eben noch gleitet man in einem Kokon aus Leder dahin, w\u00e4hrend die Landschaft wie ein Film vorbeizieht und nichts wirklich wichtig ist. Im n\u00e4chsten Augenblick tippt man auf das Gaspedal, vernimmt den raubtierhaften Sound des einstigen Rennwagens und st\u00f6\u00dft in absolut verbotene Geschwindigkeitszonen vor. Schlie\u00dflich war der Maserati das schnellste Auto seiner Zeit. Die Lenkung ist au\u00dferdem \u00fcberraschend direkt und sportlich f\u00fcr einen Wagen dieser Gr\u00f6\u00dfe. Denn gro\u00df ist der Wagen und so breit, dass man zu f\u00fcnft bequem darin Platz hat. Das Besondere an unserem Modell ist die 5-Gang-Handschaltung und der 4.9 Liter Motor, mit dem echt sportliche Leistungen m\u00f6glich sind.\r\n\r\n<\/div>\r\n<\/div>\r\n<\/div>\r\n<\/div>","_et_gb_content_width":"","_monsterinsights_skip_tracking":false,"_monsterinsights_sitenote_active":false,"_monsterinsights_sitenote_note":"","_monsterinsights_sitenote_category":0},"product_brand":[],"product_cat":[186],"product_tag":[],"class_list":{"0":"post-21343","1":"product","2":"type-product","3":"status-publish","4":"has-post-thumbnail","6":"product_cat-archives-de","8":"first","9":"instock","10":"sold-individually","11":"shipping-taxable","12":"purchasable","13":"product-type-booking"},"booking_location":"","booking_location_type":"","booking_duration":1,"booking_duration_unit":"day","booking_buffer":0,"booking_cost":0,"booking_resources":[],"yoast_head":"<!-- This site is optimized with the Yoast SEO plugin v27.6 - https:\/\/yoast.com\/product\/yoast-seo-wordpress\/ -->\n<title>Maserati Quattroporte III - Geneva Classic Car Club<\/title>\n<meta name=\"robots\" content=\"index, follow, max-snippet:-1, max-image-preview:large, max-video-preview:-1\" \/>\n<link rel=\"canonical\" href=\"https:\/\/genevaclassiccarclub.ch\/de\/produit\/maserati-quattroporte-iii\/\" \/>\n<meta property=\"og:locale\" content=\"de_DE\" \/>\n<meta property=\"og:type\" content=\"article\" \/>\n<meta property=\"og:title\" content=\"Maserati Quattroporte III - Geneva Classic Car Club\" \/>\n<meta property=\"og:description\" content=\"Baujahr : 1984 Motor : 8-Zylinder-V, 4,9 Liter, 4 Weber-Doppelvergaser Leistung : 290 PS Getriebe : 5-Gang-Handschaltung H\u00f6chstgeschwindigkeit : 240 km\/h Beschleunigung 0-100km\/h : 8.4 sek Sitzpl\u00e4tze : 5 Sicherheitsgurte : ja  Kategorie : \u2605\u2605\u2605\u2605\" \/>\n<meta property=\"og:url\" content=\"https:\/\/genevaclassiccarclub.ch\/de\/produit\/maserati-quattroporte-iii\/\" \/>\n<meta property=\"og:site_name\" content=\"Geneva Classic Car Club\" \/>\n<meta property=\"article:modified_time\" content=\"2020-01-28T19:52:28+00:00\" \/>\n<meta property=\"og:image\" content=\"https:\/\/genevaclassiccarclub.ch\/wp-content\/uploads\/2017\/07\/quattroporte-1.jpg\" \/>\n\t<meta property=\"og:image:width\" content=\"1280\" \/>\n\t<meta property=\"og:image:height\" content=\"852\" \/>\n\t<meta property=\"og:image:type\" content=\"image\/jpeg\" \/>\n<meta name=\"twitter:card\" content=\"summary_large_image\" \/>\n<meta name=\"twitter:label1\" content=\"Gesch\u00e4tzte Lesezeit\" \/>\n\t<meta name=\"twitter:data1\" content=\"6\u00a0Minuten\" \/>\n<script type=\"application\/ld+json\" class=\"yoast-schema-graph\">{\"@context\":\"https:\\\/\\\/schema.org\",\"@graph\":[{\"@type\":\"WebPage\",\"@id\":\"https:\\\/\\\/genevaclassiccarclub.ch\\\/de\\\/produit\\\/maserati-quattroporte-iii\\\/\",\"url\":\"https:\\\/\\\/genevaclassiccarclub.ch\\\/de\\\/produit\\\/maserati-quattroporte-iii\\\/\",\"name\":\"Maserati Quattroporte III - Geneva Classic Car Club\",\"isPartOf\":{\"@id\":\"https:\\\/\\\/genevaclassiccarclub.ch\\\/de\\\/#website\"},\"primaryImageOfPage\":{\"@id\":\"https:\\\/\\\/genevaclassiccarclub.ch\\\/de\\\/produit\\\/maserati-quattroporte-iii\\\/#primaryimage\"},\"image\":{\"@id\":\"https:\\\/\\\/genevaclassiccarclub.ch\\\/de\\\/produit\\\/maserati-quattroporte-iii\\\/#primaryimage\"},\"thumbnailUrl\":\"https:\\\/\\\/genevaclassiccarclub.ch\\\/wp-content\\\/uploads\\\/2017\\\/07\\\/quattroporte-1.jpg\",\"datePublished\":\"2019-12-10T16:13:03+00:00\",\"dateModified\":\"2020-01-28T19:52:28+00:00\",\"breadcrumb\":{\"@id\":\"https:\\\/\\\/genevaclassiccarclub.ch\\\/de\\\/produit\\\/maserati-quattroporte-iii\\\/#breadcrumb\"},\"inLanguage\":\"de\",\"potentialAction\":[{\"@type\":\"ReadAction\",\"target\":[\"https:\\\/\\\/genevaclassiccarclub.ch\\\/de\\\/produit\\\/maserati-quattroporte-iii\\\/\"]}]},{\"@type\":\"ImageObject\",\"inLanguage\":\"de\",\"@id\":\"https:\\\/\\\/genevaclassiccarclub.ch\\\/de\\\/produit\\\/maserati-quattroporte-iii\\\/#primaryimage\",\"url\":\"https:\\\/\\\/genevaclassiccarclub.ch\\\/wp-content\\\/uploads\\\/2017\\\/07\\\/quattroporte-1.jpg\",\"contentUrl\":\"https:\\\/\\\/genevaclassiccarclub.ch\\\/wp-content\\\/uploads\\\/2017\\\/07\\\/quattroporte-1.jpg\",\"width\":1280,\"height\":852},{\"@type\":\"BreadcrumbList\",\"@id\":\"https:\\\/\\\/genevaclassiccarclub.ch\\\/de\\\/produit\\\/maserati-quattroporte-iii\\\/#breadcrumb\",\"itemListElement\":[{\"@type\":\"ListItem\",\"position\":1,\"name\":\"Accueil\",\"item\":\"https:\\\/\\\/genevaclassiccarclub.ch\\\/de\\\/\"},{\"@type\":\"ListItem\",\"position\":2,\"name\":\"Boutique\",\"item\":\"https:\\\/\\\/genevaclassiccarclub.ch\\\/boutique\\\/\"},{\"@type\":\"ListItem\",\"position\":3,\"name\":\"Maserati Quattroporte III\"}]},{\"@type\":\"WebSite\",\"@id\":\"https:\\\/\\\/genevaclassiccarclub.ch\\\/de\\\/#website\",\"url\":\"https:\\\/\\\/genevaclassiccarclub.ch\\\/de\\\/\",\"name\":\"Geneva Classic Car Club\",\"description\":\"Dive into the world of classic cars\",\"potentialAction\":[{\"@type\":\"SearchAction\",\"target\":{\"@type\":\"EntryPoint\",\"urlTemplate\":\"https:\\\/\\\/genevaclassiccarclub.ch\\\/de\\\/?s={search_term_string}\"},\"query-input\":{\"@type\":\"PropertyValueSpecification\",\"valueRequired\":true,\"valueName\":\"search_term_string\"}}],\"inLanguage\":\"de\"}]}<\/script>\n<!-- \/ Yoast SEO plugin. -->","yoast_head_json":{"title":"Maserati Quattroporte III - Geneva Classic Car Club","robots":{"index":"index","follow":"follow","max-snippet":"max-snippet:-1","max-image-preview":"max-image-preview:large","max-video-preview":"max-video-preview:-1"},"canonical":"https:\/\/genevaclassiccarclub.ch\/de\/produit\/maserati-quattroporte-iii\/","og_locale":"de_DE","og_type":"article","og_title":"Maserati Quattroporte III - Geneva Classic Car Club","og_description":"Baujahr : 1984 Motor : 8-Zylinder-V, 4,9 Liter, 4 Weber-Doppelvergaser Leistung : 290 PS Getriebe : 5-Gang-Handschaltung H\u00f6chstgeschwindigkeit : 240 km\/h Beschleunigung 0-100km\/h : 8.4 sek Sitzpl\u00e4tze : 5 Sicherheitsgurte : ja  Kategorie : \u2605\u2605\u2605\u2605","og_url":"https:\/\/genevaclassiccarclub.ch\/de\/produit\/maserati-quattroporte-iii\/","og_site_name":"Geneva Classic Car Club","article_modified_time":"2020-01-28T19:52:28+00:00","og_image":[{"width":1280,"height":852,"url":"https:\/\/genevaclassiccarclub.ch\/wp-content\/uploads\/2017\/07\/quattroporte-1.jpg","type":"image\/jpeg"}],"twitter_card":"summary_large_image","twitter_misc":{"Gesch\u00e4tzte Lesezeit":"6\u00a0Minuten"},"schema":{"@context":"https:\/\/schema.org","@graph":[{"@type":"WebPage","@id":"https:\/\/genevaclassiccarclub.ch\/de\/produit\/maserati-quattroporte-iii\/","url":"https:\/\/genevaclassiccarclub.ch\/de\/produit\/maserati-quattroporte-iii\/","name":"Maserati Quattroporte III - Geneva Classic Car Club","isPartOf":{"@id":"https:\/\/genevaclassiccarclub.ch\/de\/#website"},"primaryImageOfPage":{"@id":"https:\/\/genevaclassiccarclub.ch\/de\/produit\/maserati-quattroporte-iii\/#primaryimage"},"image":{"@id":"https:\/\/genevaclassiccarclub.ch\/de\/produit\/maserati-quattroporte-iii\/#primaryimage"},"thumbnailUrl":"https:\/\/genevaclassiccarclub.ch\/wp-content\/uploads\/2017\/07\/quattroporte-1.jpg","datePublished":"2019-12-10T16:13:03+00:00","dateModified":"2020-01-28T19:52:28+00:00","breadcrumb":{"@id":"https:\/\/genevaclassiccarclub.ch\/de\/produit\/maserati-quattroporte-iii\/#breadcrumb"},"inLanguage":"de","potentialAction":[{"@type":"ReadAction","target":["https:\/\/genevaclassiccarclub.ch\/de\/produit\/maserati-quattroporte-iii\/"]}]},{"@type":"ImageObject","inLanguage":"de","@id":"https:\/\/genevaclassiccarclub.ch\/de\/produit\/maserati-quattroporte-iii\/#primaryimage","url":"https:\/\/genevaclassiccarclub.ch\/wp-content\/uploads\/2017\/07\/quattroporte-1.jpg","contentUrl":"https:\/\/genevaclassiccarclub.ch\/wp-content\/uploads\/2017\/07\/quattroporte-1.jpg","width":1280,"height":852},{"@type":"BreadcrumbList","@id":"https:\/\/genevaclassiccarclub.ch\/de\/produit\/maserati-quattroporte-iii\/#breadcrumb","itemListElement":[{"@type":"ListItem","position":1,"name":"Accueil","item":"https:\/\/genevaclassiccarclub.ch\/de\/"},{"@type":"ListItem","position":2,"name":"Boutique","item":"https:\/\/genevaclassiccarclub.ch\/boutique\/"},{"@type":"ListItem","position":3,"name":"Maserati Quattroporte III"}]},{"@type":"WebSite","@id":"https:\/\/genevaclassiccarclub.ch\/de\/#website","url":"https:\/\/genevaclassiccarclub.ch\/de\/","name":"Geneva Classic Car Club","description":"Dive into the world of classic cars","potentialAction":[{"@type":"SearchAction","target":{"@type":"EntryPoint","urlTemplate":"https:\/\/genevaclassiccarclub.ch\/de\/?s={search_term_string}"},"query-input":{"@type":"PropertyValueSpecification","valueRequired":true,"valueName":"search_term_string"}}],"inLanguage":"de"}]}},"jetpack_sharing_enabled":true,"_links":{"self":[{"href":"https:\/\/genevaclassiccarclub.ch\/de\/wp-json\/wp\/v2\/product\/21343","targetHints":{"allow":["GET"]}}],"collection":[{"href":"https:\/\/genevaclassiccarclub.ch\/de\/wp-json\/wp\/v2\/product"}],"about":[{"href":"https:\/\/genevaclassiccarclub.ch\/de\/wp-json\/wp\/v2\/types\/product"}],"replies":[{"embeddable":true,"href":"https:\/\/genevaclassiccarclub.ch\/de\/wp-json\/wp\/v2\/comments?post=21343"}],"wp:featuredmedia":[{"embeddable":true,"href":"https:\/\/genevaclassiccarclub.ch\/de\/wp-json\/wp\/v2\/media\/1230"}],"wp:attachment":[{"href":"https:\/\/genevaclassiccarclub.ch\/de\/wp-json\/wp\/v2\/media?parent=21343"}],"wp:term":[{"taxonomy":"product_brand","embeddable":true,"href":"https:\/\/genevaclassiccarclub.ch\/de\/wp-json\/wp\/v2\/product_brand?post=21343"},{"taxonomy":"product_cat","embeddable":true,"href":"https:\/\/genevaclassiccarclub.ch\/de\/wp-json\/wp\/v2\/product_cat?post=21343"},{"taxonomy":"product_tag","embeddable":true,"href":"https:\/\/genevaclassiccarclub.ch\/de\/wp-json\/wp\/v2\/product_tag?post=21343"}],"curies":[{"name":"wp","href":"https:\/\/api.w.org\/{rel}","templated":true}]}}