{"id":19542,"date":"2019-11-10T14:46:19","date_gmt":"2019-11-10T13:46:19","guid":{"rendered":"https:\/\/genevaclassiccarclub.ch\/produit\/adhesion-gold\/"},"modified":"2020-01-14T10:25:12","modified_gmt":"2020-01-14T09:25:12","slug":"adhesion-gold","status":"publish","type":"product","link":"https:\/\/genevaclassiccarclub.ch\/fr\/produit\/adhesion-gold\/","title":{"rendered":"Adh\u00e9sion Gold"},"content":{"rendered":"<p>[et_pb_section fb_built=\u00a0\u00bb1&Prime; fullwidth=\u00a0\u00bbon\u00a0\u00bb _builder_version=\u00a0\u00bb4.0.6&Prime; global_module=\u00a0\u00bb19255&Prime; saved_tabs=\u00a0\u00bball\u00a0\u00bb][et_pb_fullwidth_menu fullwidth_menu=\u00a0\u00bbon\u00a0\u00bb active_link_color=\u00a0\u00bb#700707&Prime; dropdown_menu_line_color=\u00a0\u00bb#e5e5e5&Prime; dropdown_menu_text_color=\u00a0\u00bb#000000&Prime; dropdown_menu_active_link_color=\u00a0\u00bb#720d0d\u00a0\u00bb mobile_menu_bg_color=\u00a0\u00bb#ffffff\u00a0\u00bb mobile_menu_text_color=\u00a0\u00bb#000000&Prime; logo=\u00a0\u00bbhttps:\/\/genevaclassiccarclub.ch\/wp-content\/uploads\/2019\/11\/gccc_logo.png\u00a0\u00bb logo_url=\u00a0\u00bb@ET-DC@eyJkeW5hbWljIjp0cnVlLCJjb250ZW50IjoiaG9tZV91cmwiLCJzZXR0aW5ncyI6e319@\u00a0\u00bb logo_max_width=\u00a0\u00bb31%\u00a0\u00bb logo_max_height=\u00a0\u00bb166px\u00a0\u00bb show_cart_icon=\u00a0\u00bbon\u00a0\u00bb _builder_version=\u00a0\u00bb4.0.6&Prime; _dynamic_attributes=\u00a0\u00bblogo_url\u00a0\u00bb menu_font=\u00a0\u00bbGeorgia||||||||\u00a0\u00bb menu_text_color=\u00a0\u00bb#000000&Prime; menu_font_size=\u00a0\u00bb17px\u00a0\u00bb use_background_color_gradient=\u00a0\u00bbon\u00a0\u00bb background_color_gradient_start=\u00a0\u00bb#ffffff\u00a0\u00bb background_color_gradient_end=\u00a0\u00bb#ededed\u00a0\u00bb background_color_gradient_direction=\u00a0\u00bb90deg\u00a0\u00bb background_color_gradient_overlays_image=\u00a0\u00bbon\u00a0\u00bb text_orientation=\u00a0\u00bbright\u00a0\u00bb width=\u00a0\u00bb100%\u00a0\u00bb max_width=\u00a0\u00bb100%\u00a0\u00bb height=\u00a0\u00bb100%\u00a0\u00bb max_height=\u00a0\u00bb100%\u00a0\u00bb border_width_bottom=\u00a0\u00bb1px\u00a0\u00bb border_color_bottom=\u00a0\u00bb#bababa\u00a0\u00bb][\/et_pb_fullwidth_menu][\/et_pb_section][et_pb_section fb_built=\u00a0\u00bb1&Prime; fullwidth=\u00a0\u00bbon\u00a0\u00bb admin_label=\u00a0\u00bbSection\u00a0\u00bb _builder_version=\u00a0\u00bb4.0.6&Prime; use_background_color_gradient=\u00a0\u00bbon\u00a0\u00bb background_color_gradient_start=\u00a0\u00bb#000202&Prime; background_color_gradient_end=\u00a0\u00bb#ba0000&Prime; background_color_gradient_direction=\u00a0\u00bb90deg\u00a0\u00bb height=\u00a0\u00bb5px\u00a0\u00bb global_module=\u00a0\u00bb19086&Prime; saved_tabs=\u00a0\u00bball\u00a0\u00bb][\/et_pb_section][et_pb_section fb_built=\u00a0\u00bb1&Prime; _builder_version=\u00a0\u00bb4.0.6&Prime; background_image=\u00a0\u00bbhttps:\/\/genevaclassiccarclub.ch\/wp-content\/uploads\/2019\/11\/membershipBG2.jpg\u00a0\u00bb custom_margin=\u00a0\u00bb-1px|||||\u00a0\u00bb custom_padding=\u00a0\u00bb11px|||||\u00a0\u00bb global_module=\u00a0\u00bb19445&Prime; saved_tabs=\u00a0\u00bball\u00a0\u00bb][et_pb_row _builder_version=\u00a0\u00bb4.0.6&Prime; width=\u00a0\u00bb100%\u00a0\u00bb max_width=\u00a0\u00bb100%\u00a0\u00bb][et_pb_column type=\u00a0\u00bb4_4&Prime; _builder_version=\u00a0\u00bb4.0.6&Prime;][et_pb_text _builder_version=\u00a0\u00bb4.0.6&Prime; width=\u00a0\u00bb100%\u00a0\u00bb custom_padding=\u00a0\u00bb|0px||||\u00a0\u00bb]<\/p>\n<p style=\"text-align: center;\">[DiviShortcode id=\u00a0\u00bb19078&Prime;]<\/p>\n<p>[\/et_pb_text][et_pb_text _builder_version=\u00a0\u00bb4.0.6&Prime; custom_padding=\u00a0\u00bb125px||175px|||\u00a0\u00bb]<\/p>\n<p style=\"text-align: center;\"><\/p>\n<p>[\/et_pb_text][\/et_pb_column][\/et_pb_row][\/et_pb_section][et_pb_section fb_built=\u00a0\u00bb1&Prime; fullwidth=\u00a0\u00bbon\u00a0\u00bb admin_label=\u00a0\u00bbSection\u00a0\u00bb _builder_version=\u00a0\u00bb4.0.6&Prime; use_background_color_gradient=\u00a0\u00bbon\u00a0\u00bb background_color_gradient_start=\u00a0\u00bb#000202&Prime; background_color_gradient_end=\u00a0\u00bb#ba0000&Prime; background_color_gradient_direction=\u00a0\u00bb90deg\u00a0\u00bb height=\u00a0\u00bb5px\u00a0\u00bb global_module=\u00a0\u00bb19086&Prime; saved_tabs=\u00a0\u00bball\u00a0\u00bb][\/et_pb_section][et_pb_section fb_built=\u00a0\u00bb1&Prime; fullwidth=\u00a0\u00bbon\u00a0\u00bb _builder_version=\u00a0\u00bb4.0.5&Prime; global_module=\u00a0\u00bb18983&Prime; saved_tabs=\u00a0\u00bball\u00a0\u00bb][et_pb_dpfullwidth_blog remove_current_post=\u00a0\u00bbon\u00a0\u00bb custom_post_types=\u00a0\u00bbproduct\u00a0\u00bb include_categories=\u00a0\u00bb86&Prime; show_date=\u00a0\u00bboff\u00a0\u00bb show_categories=\u00a0\u00bbon\u00a0\u00bb hover_icon=\u00a0\u00bb%%171%%\u00a0\u00bb _builder_version=\u00a0\u00bb4.0.6&Prime;][\/et_pb_dpfullwidth_blog][\/et_pb_section][et_pb_section fb_built=\u00a0\u00bb1&Prime; fullwidth=\u00a0\u00bbon\u00a0\u00bb disabled_on=\u00a0\u00bboff|off|off\u00a0\u00bb _builder_version=\u00a0\u00bb4.0.6&Prime; disabled=\u00a0\u00bbon\u00a0\u00bb global_module=\u00a0\u00bb19413&Prime; saved_tabs=\u00a0\u00bball\u00a0\u00bb][et_pb_fullwidth_menu menu_id=\u00a0\u00bb165&Prime; menu_style=\u00a0\u00bbcentered\u00a0\u00bb submenu_direction=\u00a0\u00bbupwards\u00a0\u00bb fullwidth_menu=\u00a0\u00bboff\u00a0\u00bb active_link_color=\u00a0\u00bb#ffffff\u00a0\u00bb dropdown_menu_bg_color=\u00a0\u00bb#000000&Prime; dropdown_menu_line_color=\u00a0\u00bb#515151&Prime; dropdown_menu_text_color=\u00a0\u00bb#ffffff\u00a0\u00bb dropdown_menu_active_link_color=\u00a0\u00bb#ffffff\u00a0\u00bb mobile_menu_bg_color=\u00a0\u00bb#000000&Prime; mobile_menu_text_color=\u00a0\u00bb#ffffff\u00a0\u00bb logo_max_width=\u00a0\u00bb31%\u00a0\u00bb logo_max_height=\u00a0\u00bb166px\u00a0\u00bb cart_icon_color=\u00a0\u00bb#ffffff\u00a0\u00bb search_icon_color=\u00a0\u00bb#ffffff\u00a0\u00bb menu_icon_color=\u00a0\u00bb#ffffff\u00a0\u00bb active_link_color_tablet=\u00a0\u00bb\u00a0\u00bb active_link_color_phone=\u00a0\u00bb#000000&Prime; active_link_color_last_edited=\u00a0\u00bbon|phone\u00a0\u00bb _builder_version=\u00a0\u00bb4.0.6&Prime; _dynamic_attributes=\u00a0\u00bblogo_url\u00a0\u00bb menu_font=\u00a0\u00bbGeorgia||||||||\u00a0\u00bb menu_text_color=\u00a0\u00bb#ffffff\u00a0\u00bb menu_font_size=\u00a0\u00bb17px\u00a0\u00bb use_background_color_gradient=\u00a0\u00bbon\u00a0\u00bb background_color_gradient_start=\u00a0\u00bb#070707&Prime; background_color_gradient_end=\u00a0\u00bb#3f3f3f\u00a0\u00bb background_color_gradient_direction=\u00a0\u00bb90deg\u00a0\u00bb background_color_gradient_overlays_image=\u00a0\u00bbon\u00a0\u00bb width=\u00a0\u00bb100%\u00a0\u00bb max_width=\u00a0\u00bb100%\u00a0\u00bb height=\u00a0\u00bb100%\u00a0\u00bb max_height=\u00a0\u00bb100%\u00a0\u00bb menu_text_color_tablet=\u00a0\u00bb\u00a0\u00bb menu_text_color_phone=\u00a0\u00bb#000000&Prime; menu_text_color_last_edited=\u00a0\u00bbon|phone\u00a0\u00bb border_width_bottom=\u00a0\u00bb1px\u00a0\u00bb border_color_bottom=\u00a0\u00bb#bababa\u00a0\u00bb][\/et_pb_fullwidth_menu][\/et_pb_section]<\/p>\n","protected":false},"excerpt":{"rendered":"<div class=\"et_pb_blurb_container\">\n<div class=\"et_pb_blurb_description\">\n<p><strong>Une adh\u00e9sion Gold vous offre :<\/strong><\/p>\n<p><strong>1250 CHF de cr\u00e9dit \u00e0 d\u00e9penser sur vos prochaines r\u00e9servations<br \/>\n<\/strong><\/p>\n<p><strong>Acc\u00e8s \u00e0 toutes les voitures exclusives<br \/>\n<\/strong><\/p>\n<p><strong>40% de remise sur toutes vos r\u00e9servations<br \/>\n<\/strong><\/p>\n<h2><strong>1500 CHF<\/strong><\/h2>\n<\/div>\n<\/div>\n","protected":false},"featured_media":19467,"comment_status":"closed","ping_status":"closed","template":"","meta":{"_et_pb_use_builder":"on","_et_pb_old_content":"<strong>With a Gold membership you get :<\/strong><strong>1250 CHF in-store credit<\/strong><strong>Access to all exclusive cars<\/strong><strong>40% off all bookings<\/strong>&nbsp;<h2><strong>1500 CHF<\/strong><\/h2>","_et_gb_content_width":"","_mi_skip_tracking":false},"product_cat":[184],"product_tag":[],"booking_location":null,"booking_location_type":null,"booking_duration":null,"booking_duration_unit":null,"booking_buffer":null,"booking_cost":null,"booking_resources":null,"yoast_head":"<!-- This site is optimized with the Yoast SEO plugin v21.8.1 - https:\/\/yoast.com\/wordpress\/plugins\/seo\/ -->\n<title>Adh\u00e9sion Gold - Geneva Classic Car Club<\/title>\n<meta name=\"robots\" content=\"index, follow, max-snippet:-1, max-image-preview:large, max-video-preview:-1\" \/>\n<link rel=\"canonical\" href=\"https:\/\/genevaclassiccarclub.ch\/fr\/produit\/adhesion-gold\/\" \/>\n<meta property=\"og:locale\" content=\"fr_FR\" \/>\n<meta property=\"og:type\" content=\"article\" \/>\n<meta property=\"og:title\" content=\"Adh\u00e9sion Gold - Geneva Classic Car Club\" \/>\n<meta property=\"og:description\" content=\"Une adh\u00e9sion Gold vous offre :  1250 CHF de cr\u00e9dit \u00e0 d\u00e9penser sur vos prochaines r\u00e9servations   Acc\u00e8s \u00e0 toutes les voitures exclusives   40% de remise sur toutes vos r\u00e9servations  1500 CHF\" \/>\n<meta property=\"og:url\" content=\"https:\/\/genevaclassiccarclub.ch\/fr\/produit\/adhesion-gold\/\" \/>\n<meta property=\"og:site_name\" content=\"Geneva Classic Car Club\" \/>\n<meta property=\"article:modified_time\" content=\"2020-01-14T09:25:12+00:00\" \/>\n<meta property=\"og:image\" content=\"https:\/\/genevaclassiccarclub.ch\/wp-content\/uploads\/2019\/11\/gold_new2.png\" \/>\n\t<meta property=\"og:image:width\" content=\"960\" \/>\n\t<meta property=\"og:image:height\" content=\"960\" \/>\n\t<meta property=\"og:image:type\" content=\"image\/png\" \/>\n<meta name=\"twitter:card\" content=\"summary_large_image\" \/>\n<meta name=\"twitter:label1\" content=\"Dur\u00e9e de lecture estim\u00e9e\" \/>\n\t<meta name=\"twitter:data1\" content=\"3 minutes\" \/>\n<script type=\"application\/ld+json\" class=\"yoast-schema-graph\">{\"@context\":\"https:\/\/schema.org\",\"@graph\":[{\"@type\":\"WebPage\",\"@id\":\"https:\/\/genevaclassiccarclub.ch\/fr\/produit\/adhesion-gold\/\",\"url\":\"https:\/\/genevaclassiccarclub.ch\/fr\/produit\/adhesion-gold\/\",\"name\":\"Adh\u00e9sion Gold - Geneva Classic Car Club\",\"isPartOf\":{\"@id\":\"https:\/\/genevaclassiccarclub.ch\/fr\/#website\"},\"datePublished\":\"2019-11-10T13:46:19+00:00\",\"dateModified\":\"2020-01-14T09:25:12+00:00\",\"breadcrumb\":{\"@id\":\"https:\/\/genevaclassiccarclub.ch\/fr\/produit\/adhesion-gold\/#breadcrumb\"},\"inLanguage\":\"fr-FR\",\"potentialAction\":[{\"@type\":\"ReadAction\",\"target\":[\"https:\/\/genevaclassiccarclub.ch\/fr\/produit\/adhesion-gold\/\"]}]},{\"@type\":\"BreadcrumbList\",\"@id\":\"https:\/\/genevaclassiccarclub.ch\/fr\/produit\/adhesion-gold\/#breadcrumb\",\"itemListElement\":[{\"@type\":\"ListItem\",\"position\":1,\"name\":\"Accueil\",\"item\":\"https:\/\/genevaclassiccarclub.ch\/fr\/\"},{\"@type\":\"ListItem\",\"position\":2,\"name\":\"Boutique\",\"item\":\"https:\/\/genevaclassiccarclub.ch\/boutique\/\"},{\"@type\":\"ListItem\",\"position\":3,\"name\":\"Adh\u00e9sion Gold\"}]},{\"@type\":\"WebSite\",\"@id\":\"https:\/\/genevaclassiccarclub.ch\/fr\/#website\",\"url\":\"https:\/\/genevaclassiccarclub.ch\/fr\/\",\"name\":\"Geneva Classic Car Club\",\"description\":\"Dive into the world of classic cars\",\"potentialAction\":[{\"@type\":\"SearchAction\",\"target\":{\"@type\":\"EntryPoint\",\"urlTemplate\":\"https:\/\/genevaclassiccarclub.ch\/fr\/?s={search_term_string}\"},\"query-input\":\"required name=search_term_string\"}],\"inLanguage\":\"fr-FR\"}]}<\/script>\n<!-- \/ Yoast SEO plugin. -->","yoast_head_json":{"title":"Adh\u00e9sion Gold - Geneva Classic Car Club","robots":{"index":"index","follow":"follow","max-snippet":"max-snippet:-1","max-image-preview":"max-image-preview:large","max-video-preview":"max-video-preview:-1"},"canonical":"https:\/\/genevaclassiccarclub.ch\/fr\/produit\/adhesion-gold\/","og_locale":"fr_FR","og_type":"article","og_title":"Adh\u00e9sion Gold - Geneva Classic Car Club","og_description":"Une adh\u00e9sion Gold vous offre :  1250 CHF de cr\u00e9dit \u00e0 d\u00e9penser sur vos prochaines r\u00e9servations   Acc\u00e8s \u00e0 toutes les voitures exclusives   40% de remise sur toutes vos r\u00e9servations  1500 CHF","og_url":"https:\/\/genevaclassiccarclub.ch\/fr\/produit\/adhesion-gold\/","og_site_name":"Geneva Classic Car Club","article_modified_time":"2020-01-14T09:25:12+00:00","og_image":[{"width":960,"height":960,"url":"https:\/\/genevaclassiccarclub.ch\/wp-content\/uploads\/2019\/11\/gold_new2.png","type":"image\/png"}],"twitter_card":"summary_large_image","twitter_misc":{"Dur\u00e9e de lecture estim\u00e9e":"3 minutes"},"schema":{"@context":"https:\/\/schema.org","@graph":[{"@type":"WebPage","@id":"https:\/\/genevaclassiccarclub.ch\/fr\/produit\/adhesion-gold\/","url":"https:\/\/genevaclassiccarclub.ch\/fr\/produit\/adhesion-gold\/","name":"Adh\u00e9sion Gold - Geneva Classic Car Club","isPartOf":{"@id":"https:\/\/genevaclassiccarclub.ch\/fr\/#website"},"datePublished":"2019-11-10T13:46:19+00:00","dateModified":"2020-01-14T09:25:12+00:00","breadcrumb":{"@id":"https:\/\/genevaclassiccarclub.ch\/fr\/produit\/adhesion-gold\/#breadcrumb"},"inLanguage":"fr-FR","potentialAction":[{"@type":"ReadAction","target":["https:\/\/genevaclassiccarclub.ch\/fr\/produit\/adhesion-gold\/"]}]},{"@type":"BreadcrumbList","@id":"https:\/\/genevaclassiccarclub.ch\/fr\/produit\/adhesion-gold\/#breadcrumb","itemListElement":[{"@type":"ListItem","position":1,"name":"Accueil","item":"https:\/\/genevaclassiccarclub.ch\/fr\/"},{"@type":"ListItem","position":2,"name":"Boutique","item":"https:\/\/genevaclassiccarclub.ch\/boutique\/"},{"@type":"ListItem","position":3,"name":"Adh\u00e9sion Gold"}]},{"@type":"WebSite","@id":"https:\/\/genevaclassiccarclub.ch\/fr\/#website","url":"https:\/\/genevaclassiccarclub.ch\/fr\/","name":"Geneva Classic Car Club","description":"Dive into the world of classic cars","potentialAction":[{"@type":"SearchAction","target":{"@type":"EntryPoint","urlTemplate":"https:\/\/genevaclassiccarclub.ch\/fr\/?s={search_term_string}"},"query-input":"required name=search_term_string"}],"inLanguage":"fr-FR"}]}},"jetpack_sharing_enabled":true,"_links":{"self":[{"href":"https:\/\/genevaclassiccarclub.ch\/fr\/wp-json\/wp\/v2\/product\/19542"}],"collection":[{"href":"https:\/\/genevaclassiccarclub.ch\/fr\/wp-json\/wp\/v2\/product"}],"about":[{"href":"https:\/\/genevaclassiccarclub.ch\/fr\/wp-json\/wp\/v2\/types\/product"}],"replies":[{"embeddable":true,"href":"https:\/\/genevaclassiccarclub.ch\/fr\/wp-json\/wp\/v2\/comments?post=19542"}],"wp:featuredmedia":[{"embeddable":true,"href":"https:\/\/genevaclassiccarclub.ch\/fr\/wp-json\/wp\/v2\/media\/19467"}],"wp:attachment":[{"href":"https:\/\/genevaclassiccarclub.ch\/fr\/wp-json\/wp\/v2\/media?parent=19542"}],"wp:term":[{"taxonomy":"product_cat","embeddable":true,"href":"https:\/\/genevaclassiccarclub.ch\/fr\/wp-json\/wp\/v2\/product_cat?post=19542"},{"taxonomy":"product_tag","embeddable":true,"href":"https:\/\/genevaclassiccarclub.ch\/fr\/wp-json\/wp\/v2\/product_tag?post=19542"}],"curies":[{"name":"wp","href":"https:\/\/api.w.org\/{rel}","templated":true}]}}