{"id":21296,"date":"2019-01-28T18:29:56","date_gmt":"2019-01-28T17:29:56","guid":{"rendered":"https:\/\/genevaclassiccarclub.ch\/produit\/lancia-flavia-sport-zagato\/"},"modified":"2020-01-28T23:00:46","modified_gmt":"2020-01-28T22:00:46","slug":"lancia-flavia-sport-zagato","status":"publish","type":"product","link":"https:\/\/genevaclassiccarclub.ch\/fr\/produit\/lancia-flavia-sport-zagato\/","title":{"rendered":"Lancia Flavia Sport Zagato"},"content":{"rendered":"<p>[et_pb_section fb_built=\u00a0\u00bb1&Prime; fullwidth=\u00a0\u00bbon\u00a0\u00bb _builder_version=\u00a0\u00bb4.1&Prime; saved_tabs=\u00a0\u00bball\u00a0\u00bb global_module=\u00a0\u00bb21585&Prime;][et_pb_fullwidth_menu fullwidth_menu=\u00a0\u00bbon\u00a0\u00bb active_link_color=\u00a0\u00bb#700707&Prime; dropdown_menu_line_color=\u00a0\u00bb#e5e5e5&Prime; dropdown_menu_text_color=\u00a0\u00bb#000000&Prime; dropdown_menu_active_link_color=\u00a0\u00bb#720d0d\u00a0\u00bb mobile_menu_bg_color=\u00a0\u00bb#ffffff\u00a0\u00bb mobile_menu_text_color=\u00a0\u00bb#000000&Prime; logo=\u00a0\u00bbhttps:\/\/genevaclassiccarclub.ch\/wp-content\/uploads\/2019\/12\/gccc_logo_resize.png\u00a0\u00bb logo_url=\u00a0\u00bb@ET-DC@eyJkeW5hbWljIjp0cnVlLCJjb250ZW50IjoiaG9tZV91cmwiLCJzZXR0aW5ncyI6e319@\u00a0\u00bb logo_max_height=\u00a0\u00bb45px\u00a0\u00bb show_cart_icon=\u00a0\u00bbon\u00a0\u00bb _builder_version=\u00a0\u00bb4.1&Prime; _dynamic_attributes=\u00a0\u00bblogo_url\u00a0\u00bb menu_font=\u00a0\u00bbGeorgia||||||||\u00a0\u00bb menu_text_color=\u00a0\u00bb#000000&Prime; menu_font_size=\u00a0\u00bb17px\u00a0\u00bb use_background_color_gradient=\u00a0\u00bbon\u00a0\u00bb background_color_gradient_start=\u00a0\u00bb#ffffff\u00a0\u00bb background_color_gradient_end=\u00a0\u00bb#ededed\u00a0\u00bb background_color_gradient_direction=\u00a0\u00bb90deg\u00a0\u00bb background_color_gradient_overlays_image=\u00a0\u00bbon\u00a0\u00bb text_orientation=\u00a0\u00bbright\u00a0\u00bb max_height=\u00a0\u00bb100%\u00a0\u00bb border_width_bottom=\u00a0\u00bb1px\u00a0\u00bb border_color_bottom=\u00a0\u00bb#bababa\u00a0\u00bb][\/et_pb_fullwidth_menu][\/et_pb_section][et_pb_section fb_built=\u00a0\u00bb1&Prime; fullwidth=\u00a0\u00bbon\u00a0\u00bb admin_label=\u00a0\u00bbDivider\u00a0\u00bb _builder_version=\u00a0\u00bb4.0.6&Prime; use_background_color_gradient=\u00a0\u00bbon\u00a0\u00bb background_color_gradient_start=\u00a0\u00bb#000202&Prime; background_color_gradient_end=\u00a0\u00bb#ba0000&Prime; background_color_gradient_direction=\u00a0\u00bb90deg\u00a0\u00bb height=\u00a0\u00bb5px\u00a0\u00bb saved_tabs=\u00a0\u00bball\u00a0\u00bb][\/et_pb_section][et_pb_section fb_built=\u00a0\u00bb1&Prime; _builder_version=\u00a0\u00bb4.0.6&Prime; background_enable_color=\u00a0\u00bboff\u00a0\u00bb use_background_color_gradient=\u00a0\u00bbon\u00a0\u00bb background_color_gradient_start=\u00a0\u00bbrgba(255,255,255,0.31)\u00a0\u00bb background_color_gradient_end=\u00a0\u00bbrgba(255,255,255,0)\u00a0\u00bb background_color_gradient_direction=\u00a0\u00bb90deg\u00a0\u00bb background_color_gradient_start_position=\u00a0\u00bb56%\u00a0\u00bb background_color_gradient_overlays_image=\u00a0\u00bbon\u00a0\u00bb background_image=\u00a0\u00bbhttps:\/\/genevaclassiccarclub.ch\/wp-content\/uploads\/2017\/07\/6_Lancia_Flavia.jpeg\u00a0\u00bb custom_padding=\u00a0\u00bb38px||||false|false\u00a0\u00bb saved_tabs=\u00a0\u00bball\u00a0\u00bb][et_pb_row _builder_version=\u00a0\u00bb4.1&Prime; background_color=\u00a0\u00bb#ffffff\u00a0\u00bb background_size=\u00a0\u00bbinitial\u00a0\u00bb background_position=\u00a0\u00bbtop_left\u00a0\u00bb background_repeat=\u00a0\u00bbrepeat\u00a0\u00bb custom_margin=\u00a0\u00bb||||false|false\u00a0\u00bb custom_margin_tablet=\u00a0\u00bb\u00a0\u00bb custom_margin_phone=\u00a0\u00bb|0px||0px|false|false\u00a0\u00bb custom_margin_last_edited=\u00a0\u00bbon|phone\u00a0\u00bb custom_padding=\u00a0\u00bb15px|35px|29px|26px|false|false\u00a0\u00bb hover_enabled=\u00a0\u00bb0&Prime; saved_tabs=\u00a0\u00bball\u00a0\u00bb width__hover_enabled=\u00a0\u00bboff|desktop\u00a0\u00bb width_last_edited=\u00a0\u00bbon|desktop\u00a0\u00bb width_phone=\u00a0\u00bb100%\u00a0\u00bb][et_pb_column type=\u00a0\u00bb4_4&Prime; _builder_version=\u00a0\u00bb4.0.6&Prime; custom_padding=\u00a0\u00bb|||\u00a0\u00bb custom_padding_tablet=\u00a0\u00bb\u00a0\u00bb custom_padding_phone=\u00a0\u00bb|30px||30px|false|false\u00a0\u00bb custom_padding_last_edited=\u00a0\u00bbon|phone\u00a0\u00bb custom_padding__hover=\u00a0\u00bb|||\u00a0\u00bb][et_pb_wc_title _builder_version=\u00a0\u00bb3.0.47&Prime; custom_margin=\u00a0\u00bb||-3px|||\u00a0\u00bb custom_padding=\u00a0\u00bb||18px|||\u00a0\u00bb][\/et_pb_wc_title][et_pb_wc_description description_type=\u00a0\u00bbdescription\u00a0\u00bb _builder_version=\u00a0\u00bb4.0.6&Prime; body_font=\u00a0\u00bb||||||||\u00a0\u00bb body_font_size=\u00a0\u00bb15px\u00a0\u00bb background_enable_color=\u00a0\u00bboff\u00a0\u00bb][\/et_pb_wc_description][\/et_pb_column][\/et_pb_row][et_pb_row column_structure=\u00a0\u00bb1_2,1_2&Prime; _builder_version=\u00a0\u00bb4.0.6&Prime; background_color=\u00a0\u00bb#ffffff\u00a0\u00bb background_size=\u00a0\u00bbinitial\u00a0\u00bb background_position=\u00a0\u00bbtop_left\u00a0\u00bb background_repeat=\u00a0\u00bbrepeat\u00a0\u00bb width=\u00a0\u00bb100%\u00a0\u00bb custom_padding=\u00a0\u00bb0px||0px||false|false\u00a0\u00bb saved_tabs=\u00a0\u00bball\u00a0\u00bb][et_pb_column type=\u00a0\u00bb1_2&Prime; _builder_version=\u00a0\u00bb3.25&Prime; custom_padding=\u00a0\u00bb|||\u00a0\u00bb custom_padding__hover=\u00a0\u00bb|||\u00a0\u00bb][et_pb_wc_images show_sale_badge=\u00a0\u00bboff\u00a0\u00bb _builder_version=\u00a0\u00bb4.0.6&Prime;][\/et_pb_wc_images][\/et_pb_column][et_pb_column type=\u00a0\u00bb1_2&Prime; _builder_version=\u00a0\u00bb4.0.6&Prime; background_enable_color=\u00a0\u00bboff\u00a0\u00bb use_background_color_gradient=\u00a0\u00bbon\u00a0\u00bb background_color_gradient_start=\u00a0\u00bbrgba(81,81,81,0.63)\u00a0\u00bb background_color_gradient_end=\u00a0\u00bb#515151&Prime; background_color_gradient_start_position=\u00a0\u00bb13%\u00a0\u00bb custom_padding=\u00a0\u00bb20px|20px|20px|20px|false|false\u00a0\u00bb border_radii=\u00a0\u00bbon|2px|2px|2px|2px\u00a0\u00bb box_shadow_style=\u00a0\u00bbpreset4&Prime; box_shadow_horizontal=\u00a0\u00bb0px\u00a0\u00bb box_shadow_vertical=\u00a0\u00bb4px\u00a0\u00bb box_shadow_spread=\u00a0\u00bb-1px\u00a0\u00bb box_shadow_color=\u00a0\u00bbrgba(0,0,0,0.13)\u00a0\u00bb custom_padding__hover=\u00a0\u00bb|||\u00a0\u00bb][et_pb_wc_rating _builder_version=\u00a0\u00bb3.0.47&Prime; custom_margin=\u00a0\u00bb-2em|0em|1.618em|0em|false|false\u00a0\u00bb][\/et_pb_wc_rating][et_pb_wc_price _builder_version=\u00a0\u00bb3.0.47&Prime;][\/et_pb_wc_price][et_pb_wc_add_to_cart show_quantity=\u00a0\u00bboff\u00a0\u00bb show_stock=\u00a0\u00bboff\u00a0\u00bb _builder_version=\u00a0\u00bb4.0.5&Prime; body_text_color=\u00a0\u00bb#ffffff\u00a0\u00bb custom_button=\u00a0\u00bbon\u00a0\u00bb button_text_color=\u00a0\u00bb#ffffff\u00a0\u00bb button_border_color=\u00a0\u00bb#ffffff\u00a0\u00bb button_border_radius=\u00a0\u00bb25px\u00a0\u00bb button_icon=\u00a0\u00bb%%95%%\u00a0\u00bb button_icon_color=\u00a0\u00bb#000000&Prime; button_icon_placement=\u00a0\u00bbleft\u00a0\u00bb button_custom_margin=\u00a0\u00bb|auto||auto|false|true\u00a0\u00bb text_orientation=\u00a0\u00bbcenter\u00a0\u00bb custom_padding=\u00a0\u00bb0px|||||\u00a0\u00bb border_color_all=\u00a0\u00bb#ffffff\u00a0\u00bb][\/et_pb_wc_add_to_cart][et_pb_wc_description _builder_version=\u00a0\u00bb4.0.6&Prime; body_text_color=\u00a0\u00bb#ffffff\u00a0\u00bb][\/et_pb_wc_description][\/et_pb_column][\/et_pb_row][\/et_pb_section][et_pb_section fb_built=\u00a0\u00bb1&Prime; fullwidth=\u00a0\u00bbon\u00a0\u00bb admin_label=\u00a0\u00bbDivider\u00a0\u00bb _builder_version=\u00a0\u00bb4.0.6&Prime; use_background_color_gradient=\u00a0\u00bbon\u00a0\u00bb background_color_gradient_start=\u00a0\u00bb#000202&Prime; background_color_gradient_end=\u00a0\u00bb#ba0000&Prime; background_color_gradient_direction=\u00a0\u00bb90deg\u00a0\u00bb height=\u00a0\u00bb5px\u00a0\u00bb saved_tabs=\u00a0\u00bball\u00a0\u00bb][\/et_pb_section][et_pb_section fb_built=\u00a0\u00bb1&Prime; fullwidth=\u00a0\u00bbon\u00a0\u00bb _builder_version=\u00a0\u00bb4.0.5&Prime; saved_tabs=\u00a0\u00bball\u00a0\u00bb][et_pb_dpfullwidth_blog remove_current_post=\u00a0\u00bbon\u00a0\u00bb custom_post_types=\u00a0\u00bbproduct\u00a0\u00bb include_categories=\u00a0\u00bb86&Prime; show_date=\u00a0\u00bboff\u00a0\u00bb show_categories=\u00a0\u00bbon\u00a0\u00bb hover_icon=\u00a0\u00bb%%171%%\u00a0\u00bb _builder_version=\u00a0\u00bb4.0.6&Prime;][\/et_pb_dpfullwidth_blog][\/et_pb_section][et_pb_section fb_built=\u00a0\u00bb1&Prime; _builder_version=\u00a0\u00bb4.0.6&Prime; background_enable_color=\u00a0\u00bboff\u00a0\u00bb use_background_color_gradient=\u00a0\u00bbon\u00a0\u00bb background_color_gradient_start=\u00a0\u00bb#000000&Prime; background_color_gradient_end=\u00a0\u00bb#2d2d2d\u00a0\u00bb background_color_gradient_direction=\u00a0\u00bb90deg\u00a0\u00bb custom_padding=\u00a0\u00bb0px||4px|||\u00a0\u00bb saved_tabs=\u00a0\u00bball\u00a0\u00bb global_module=\u00a0\u00bb21589&Prime;][et_pb_row column_structure=\u00a0\u00bb1_5,1_5,1_5,1_5,1_5&Prime; use_custom_gutter=\u00a0\u00bbon\u00a0\u00bb gutter_width=\u00a0\u00bb1&Prime; make_equal=\u00a0\u00bbon\u00a0\u00bb _builder_version=\u00a0\u00bb4.0.6&Prime; custom_padding=\u00a0\u00bb||0px||false|false\u00a0\u00bb][et_pb_column type=\u00a0\u00bb1_5&Prime; _builder_version=\u00a0\u00bb4.0.6&Prime;][et_pb_blurb title=\u00a0\u00bbContact\u00a0\u00bb url=\u00a0\u00bb@ET-DC@eyJkeW5hbWljIjp0cnVlLCJjb250ZW50IjoicG9zdF9saW5rX3VybF9wYWdlIiwic2V0dGluZ3MiOnsicG9zdF9pZCI6IjIxMTUzIn19@\u00a0\u00bb use_icon=\u00a0\u00bbon\u00a0\u00bb font_icon=\u00a0\u00bb%%153%%\u00a0\u00bb icon_color=\u00a0\u00bb#ffffff\u00a0\u00bb content_max_width=\u00a0\u00bb80px\u00a0\u00bb use_icon_font_size=\u00a0\u00bbon\u00a0\u00bb icon_font_size=\u00a0\u00bb36px\u00a0\u00bb _builder_version=\u00a0\u00bb4.1&Prime; _dynamic_attributes=\u00a0\u00bburl\u00a0\u00bb header_level=\u00a0\u00bbh5&Prime; header_font=\u00a0\u00bbGeorgia||||||||\u00a0\u00bb header_text_align=\u00a0\u00bbcenter\u00a0\u00bb header_text_color=\u00a0\u00bb#ffffff\u00a0\u00bb body_text_align=\u00a0\u00bbcenter\u00a0\u00bb text_orientation=\u00a0\u00bbcenter\u00a0\u00bb width=\u00a0\u00bb80px\u00a0\u00bb module_alignment=\u00a0\u00bbcenter\u00a0\u00bb custom_margin=\u00a0\u00bb||25px||false|false\u00a0\u00bb custom_css_blurb_image=\u00a0\u00bbmargin-bottom:15px;\u00a0\u00bb][\/et_pb_blurb][\/et_pb_column][et_pb_column type=\u00a0\u00bb1_5&Prime; _builder_version=\u00a0\u00bb4.0.6&Prime;][et_pb_blurb title=\u00a0\u00bb\u00c0 Propos\u00a0\u00bb url=\u00a0\u00bb@ET-DC@eyJkeW5hbWljIjp0cnVlLCJjb250ZW50IjoicG9zdF9saW5rX3VybF9wYWdlIiwic2V0dGluZ3MiOnsicG9zdF9pZCI6IjU3In19@\u00a0\u00bb use_icon=\u00a0\u00bbon\u00a0\u00bb font_icon=\u00a0\u00bb%%258%%\u00a0\u00bb icon_color=\u00a0\u00bb#ffffff\u00a0\u00bb content_max_width=\u00a0\u00bb80px\u00a0\u00bb use_icon_font_size=\u00a0\u00bbon\u00a0\u00bb icon_font_size=\u00a0\u00bb36px\u00a0\u00bb _builder_version=\u00a0\u00bb4.1&Prime; _dynamic_attributes=\u00a0\u00bburl\u00a0\u00bb header_level=\u00a0\u00bbh5&Prime; header_font=\u00a0\u00bbGeorgia||||||||\u00a0\u00bb header_text_align=\u00a0\u00bbcenter\u00a0\u00bb header_text_color=\u00a0\u00bb#ffffff\u00a0\u00bb body_text_align=\u00a0\u00bbcenter\u00a0\u00bb text_orientation=\u00a0\u00bbcenter\u00a0\u00bb width=\u00a0\u00bb80px\u00a0\u00bb module_alignment=\u00a0\u00bbcenter\u00a0\u00bb custom_margin=\u00a0\u00bb||25px||false|false\u00a0\u00bb custom_css_blurb_image=\u00a0\u00bbmargin-bottom:15px;\u00a0\u00bb][\/et_pb_blurb][\/et_pb_column][et_pb_column type=\u00a0\u00bb1_5&Prime; _builder_version=\u00a0\u00bb4.0.6&Prime;][et_pb_blurb title=\u00a0\u00bbMentions L\u00e9gales\u00a0\u00bb url=\u00a0\u00bb@ET-DC@eyJkeW5hbWljIjp0cnVlLCJjb250ZW50IjoicG9zdF9saW5rX3VybF9wYWdlIiwic2V0dGluZ3MiOnsicG9zdF9pZCI6IjIxMTUxIn19@\u00a0\u00bb use_icon=\u00a0\u00bbon\u00a0\u00bb font_icon=\u00a0\u00bb%%168%%\u00a0\u00bb icon_color=\u00a0\u00bb#ffffff\u00a0\u00bb content_max_width=\u00a0\u00bb90px\u00a0\u00bb use_icon_font_size=\u00a0\u00bbon\u00a0\u00bb icon_font_size=\u00a0\u00bb36px\u00a0\u00bb _builder_version=\u00a0\u00bb4.1&Prime; _dynamic_attributes=\u00a0\u00bburl\u00a0\u00bb header_level=\u00a0\u00bbh5&Prime; header_font=\u00a0\u00bbGeorgia||||||||\u00a0\u00bb header_text_align=\u00a0\u00bbcenter\u00a0\u00bb header_text_color=\u00a0\u00bb#ffffff\u00a0\u00bb body_text_align=\u00a0\u00bbcenter\u00a0\u00bb text_orientation=\u00a0\u00bbcenter\u00a0\u00bb width=\u00a0\u00bb90px\u00a0\u00bb module_alignment=\u00a0\u00bbcenter\u00a0\u00bb custom_margin=\u00a0\u00bb||25px||false|false\u00a0\u00bb custom_css_blurb_image=\u00a0\u00bbmargin-bottom:15px;\u00a0\u00bb][\/et_pb_blurb][\/et_pb_column][et_pb_column type=\u00a0\u00bb1_5&Prime; _builder_version=\u00a0\u00bb4.0.6&Prime;][et_pb_blurb title=\u00a0\u00bbArchives\u00a0\u00bb url=\u00a0\u00bb@ET-DC@eyJkeW5hbWljIjp0cnVlLCJjb250ZW50IjoicG9zdF9saW5rX3VybF9wYWdlIiwic2V0dGluZ3MiOnsicG9zdF9pZCI6IjIxMTQ3In19@\u00a0\u00bb use_icon=\u00a0\u00bbon\u00a0\u00bb font_icon=\u00a0\u00bb%%125%%\u00a0\u00bb icon_color=\u00a0\u00bb#ffffff\u00a0\u00bb content_max_width=\u00a0\u00bb80px\u00a0\u00bb use_icon_font_size=\u00a0\u00bbon\u00a0\u00bb icon_font_size=\u00a0\u00bb36px\u00a0\u00bb _builder_version=\u00a0\u00bb4.1&Prime; _dynamic_attributes=\u00a0\u00bburl\u00a0\u00bb header_level=\u00a0\u00bbh5&Prime; header_font=\u00a0\u00bbGeorgia||||||||\u00a0\u00bb header_text_align=\u00a0\u00bbcenter\u00a0\u00bb header_text_color=\u00a0\u00bb#ffffff\u00a0\u00bb body_text_align=\u00a0\u00bbcenter\u00a0\u00bb text_orientation=\u00a0\u00bbcenter\u00a0\u00bb width=\u00a0\u00bb80px\u00a0\u00bb module_alignment=\u00a0\u00bbcenter\u00a0\u00bb custom_margin=\u00a0\u00bb||25px||false|false\u00a0\u00bb custom_css_blurb_image=\u00a0\u00bbmargin-bottom:15px;\u00a0\u00bb][\/et_pb_blurb][\/et_pb_column][et_pb_column type=\u00a0\u00bb1_5&Prime; _builder_version=\u00a0\u00bb4.0.6&Prime;][et_pb_blurb title=\u00a0\u00bbFAQ\u00a0\u00bb url=\u00a0\u00bb@ET-DC@eyJkeW5hbWljIjp0cnVlLCJjb250ZW50IjoicG9zdF9saW5rX3VybF9wYWdlIiwic2V0dGluZ3MiOnsicG9zdF9pZCI6IjIxMTMxIn19@\u00a0\u00bb use_icon=\u00a0\u00bbon\u00a0\u00bb font_icon=\u00a0\u00bb%%84%%\u00a0\u00bb icon_color=\u00a0\u00bb#ffffff\u00a0\u00bb content_max_width=\u00a0\u00bb80px\u00a0\u00bb use_icon_font_size=\u00a0\u00bbon\u00a0\u00bb icon_font_size=\u00a0\u00bb36px\u00a0\u00bb _builder_version=\u00a0\u00bb4.1&Prime; _dynamic_attributes=\u00a0\u00bburl\u00a0\u00bb header_level=\u00a0\u00bbh5&Prime; header_font=\u00a0\u00bbGeorgia||||||||\u00a0\u00bb header_text_align=\u00a0\u00bbcenter\u00a0\u00bb header_text_color=\u00a0\u00bb#ffffff\u00a0\u00bb body_text_align=\u00a0\u00bbcenter\u00a0\u00bb text_orientation=\u00a0\u00bbcenter\u00a0\u00bb width=\u00a0\u00bb80px\u00a0\u00bb module_alignment=\u00a0\u00bbcenter\u00a0\u00bb custom_margin=\u00a0\u00bb||25px||false|false\u00a0\u00bb custom_css_blurb_image=\u00a0\u00bbmargin-bottom:15px;\u00a0\u00bb][\/et_pb_blurb][\/et_pb_column][\/et_pb_row][\/et_pb_section]<\/p>\n","protected":false},"excerpt":{"rendered":"<div class=\"et_pb_module et_pb_text et_pb_text_1 et_pb_bg_layout_light et_pb_text_align_left\">\n<div class=\"et_pb_text_inner\">\n<div class=\"et_pb_module et_pb_text et_pb_text_1 et_pb_bg_layout_light et_pb_text_align_left\">\n<div class=\"et_pb_text_inner\">\n<div class=\"et_pb_module et_pb_text et_pb_text_1 et_pb_bg_layout_light et_pb_text_align_left\">\n<div class=\"et_pb_text_inner\">\n<div class=\"et_pb_module et_pb_text et_pb_text_1 et_pb_bg_layout_light et_pb_text_align_left\">\n<div class=\"et_pb_text_inner\">\n<div class=\"et_pb_module et_pb_text et_pb_text_1 et_pb_bg_layout_light et_pb_text_align_left\">\n<div class=\"et_pb_text_inner\">\n<p style=\"text-align: center;\"><strong>Cette voiture est exclusivement accessible pour les membres Gold &amp; Platinum.<br \/>\n<\/strong><\/p>\n<div class=\"et_pb_module et_pb_text et_pb_text_1 et_pb_bg_layout_light et_pb_text_align_left\">\n<div class=\"et_pb_text_inner\">\n<div class=\"et_pb_module et_pb_text et_pb_text_1 et_pb_bg_layout_light et_pb_text_align_left\">\n<div class=\"et_pb_text_inner\">\n<p><strong>Ann\u00e9e : <\/strong>1965<strong><br \/>\n<\/strong><strong>Moteur : <\/strong>4 cylindres boxer, 1.8 Litres<br \/>\n<strong>Performance :<\/strong> 92 cv<br \/>\n<strong>Transmission :<\/strong> Manuelle 4 vitesses<strong><br \/>\nVitesse Max<\/strong><strong>:\u00a0<\/strong>180 km\/h<strong><br \/>\n<\/strong><strong>Acc\u00e9l\u00e9ration 0-100km\/h :<\/strong> 14.0 sec<strong><br \/>\n<\/strong><strong>Nombre de places :<\/strong> 2+2<br \/>\n<strong>Ceinture<\/strong> <strong>:<\/strong> non<\/p>\n<p><strong>Categorie :<\/strong> \u2605\u2605\u2605\u2605\u2605\u2605<\/p>\n<\/div>\n<\/div>\n<\/div>\n<\/div>\n<\/div>\n<\/div>\n<\/div>\n<\/div>\n<\/div>\n<\/div>\n<\/div>\n<\/div>\n<\/div>\n<\/div>\n","protected":false},"featured_media":21074,"comment_status":"closed","ping_status":"closed","template":"","meta":{"_et_pb_use_builder":"on","_et_pb_old_content":"<div class=\"et_pb_tab_content\">\r\n<div class=\"et_pb_column et_pb_column_4_4 et_pb_column_3 et_pb_css_mix_blend_mode_passthrough et-last-child\">\r\n<div class=\"et_pb_module et_pb_text et_pb_text_3 et_pb_bg_layout_light et_pb_text_align_left\">\r\n<div class=\"et_pb_text_inner\">Une version Zagato tr\u00e8s rare de la Lancia Flavia. Zagato est connu pour ses voitures l\u00e9g\u00e8res et a\u00e9rodynamiques utilis\u00e9es pour des rallyes et des courses. La forme attire le regard : De la grille en angle \u00e0 la fen\u00eatre qui se courbe jusqu\u2019au toit et l\u2019ouverture \u00e9lectrique de la fen\u00eatre arri\u00e8re. Il y a pleins de d\u00e9tails s\u00e9duisants typiques des voitures italiennes des ann\u00e9es 60 : les poign\u00e9es de porte, les si\u00e8ges rouges en skai, le volant Nardi ou encore les petites poign\u00e9es plac\u00e9es autour du tableau de bord. Les Lancia Flavia \u00e9taient des voitures tr\u00e8s modernes dans les ann\u00e9es 60, elles ont une traction avant, bo\u00eetier de vitesse synchronis\u00e9, des freins \u00e0 disque qui rendent la conduite sur des routes sinueuses de campagne tr\u00e8s agr\u00e9able. Notre voiture est un bel exemple non-modifi\u00e9 qui respecte toutes les sp\u00e9cifications d\u2019origine.<\/div>\r\n<\/div>\r\n<\/div>\r\n<\/div>","_et_gb_content_width":"","_mi_skip_tracking":false},"product_cat":[194],"product_tag":[],"booking_location":"","booking_location_type":"","booking_duration":1,"booking_duration_unit":"day","booking_buffer":0,"booking_cost":0,"booking_resources":[],"yoast_head":"<!-- This site is optimized with the Yoast SEO plugin v21.8.1 - https:\/\/yoast.com\/wordpress\/plugins\/seo\/ -->\n<title>Lancia Flavia Sport Zagato - Geneva Classic Car Club<\/title>\n<meta name=\"robots\" content=\"index, follow, max-snippet:-1, max-image-preview:large, max-video-preview:-1\" \/>\n<link rel=\"canonical\" href=\"https:\/\/genevaclassiccarclub.ch\/fr\/produit\/lancia-flavia-sport-zagato\/\" \/>\n<meta property=\"og:locale\" content=\"fr_FR\" \/>\n<meta property=\"og:type\" content=\"article\" \/>\n<meta property=\"og:title\" content=\"Lancia Flavia Sport Zagato - Geneva Classic Car Club\" \/>\n<meta property=\"og:description\" content=\"Cette voiture est exclusivement accessible pour les membres Gold &amp; Platinum.        Ann\u00e9e : 1965 Moteur : 4 cylindres boxer, 1.8 Litres Performance : 92 cv Transmission : Manuelle 4 vitesses Vitesse Max:\u00a0180 km\/h Acc\u00e9l\u00e9ration 0-100km\/h : 14.0 sec Nombre de places : 2+2 Ceinture : non  Categorie : \u2605\u2605\u2605\u2605\u2605\u2605\" \/>\n<meta property=\"og:url\" content=\"https:\/\/genevaclassiccarclub.ch\/fr\/produit\/lancia-flavia-sport-zagato\/\" \/>\n<meta property=\"og:site_name\" content=\"Geneva Classic Car Club\" \/>\n<meta property=\"article:modified_time\" content=\"2020-01-28T22:00:46+00:00\" \/>\n<meta property=\"og:image\" content=\"https:\/\/genevaclassiccarclub.ch\/wp-content\/uploads\/2019\/01\/zagato.jpg\" \/>\n\t<meta property=\"og:image:width\" content=\"1278\" \/>\n\t<meta property=\"og:image:height\" content=\"852\" \/>\n\t<meta property=\"og:image:type\" content=\"image\/jpeg\" \/>\n<meta name=\"twitter:card\" content=\"summary_large_image\" \/>\n<meta name=\"twitter:label1\" content=\"Dur\u00e9e de lecture estim\u00e9e\" \/>\n\t<meta name=\"twitter:data1\" content=\"6 minutes\" \/>\n<script type=\"application\/ld+json\" class=\"yoast-schema-graph\">{\"@context\":\"https:\/\/schema.org\",\"@graph\":[{\"@type\":\"WebPage\",\"@id\":\"https:\/\/genevaclassiccarclub.ch\/fr\/produit\/lancia-flavia-sport-zagato\/\",\"url\":\"https:\/\/genevaclassiccarclub.ch\/fr\/produit\/lancia-flavia-sport-zagato\/\",\"name\":\"Lancia Flavia Sport Zagato - Geneva Classic Car Club\",\"isPartOf\":{\"@id\":\"https:\/\/genevaclassiccarclub.ch\/fr\/#website\"},\"datePublished\":\"2019-01-28T17:29:56+00:00\",\"dateModified\":\"2020-01-28T22:00:46+00:00\",\"breadcrumb\":{\"@id\":\"https:\/\/genevaclassiccarclub.ch\/fr\/produit\/lancia-flavia-sport-zagato\/#breadcrumb\"},\"inLanguage\":\"fr-FR\",\"potentialAction\":[{\"@type\":\"ReadAction\",\"target\":[\"https:\/\/genevaclassiccarclub.ch\/fr\/produit\/lancia-flavia-sport-zagato\/\"]}]},{\"@type\":\"BreadcrumbList\",\"@id\":\"https:\/\/genevaclassiccarclub.ch\/fr\/produit\/lancia-flavia-sport-zagato\/#breadcrumb\",\"itemListElement\":[{\"@type\":\"ListItem\",\"position\":1,\"name\":\"Accueil\",\"item\":\"https:\/\/genevaclassiccarclub.ch\/fr\/\"},{\"@type\":\"ListItem\",\"position\":2,\"name\":\"Boutique\",\"item\":\"https:\/\/genevaclassiccarclub.ch\/boutique\/\"},{\"@type\":\"ListItem\",\"position\":3,\"name\":\"Lancia Flavia Sport Zagato\"}]},{\"@type\":\"WebSite\",\"@id\":\"https:\/\/genevaclassiccarclub.ch\/fr\/#website\",\"url\":\"https:\/\/genevaclassiccarclub.ch\/fr\/\",\"name\":\"Geneva Classic Car Club\",\"description\":\"Dive into the world of classic cars\",\"potentialAction\":[{\"@type\":\"SearchAction\",\"target\":{\"@type\":\"EntryPoint\",\"urlTemplate\":\"https:\/\/genevaclassiccarclub.ch\/fr\/?s={search_term_string}\"},\"query-input\":\"required name=search_term_string\"}],\"inLanguage\":\"fr-FR\"}]}<\/script>\n<!-- \/ Yoast SEO plugin. -->","yoast_head_json":{"title":"Lancia Flavia Sport Zagato - Geneva Classic Car Club","robots":{"index":"index","follow":"follow","max-snippet":"max-snippet:-1","max-image-preview":"max-image-preview:large","max-video-preview":"max-video-preview:-1"},"canonical":"https:\/\/genevaclassiccarclub.ch\/fr\/produit\/lancia-flavia-sport-zagato\/","og_locale":"fr_FR","og_type":"article","og_title":"Lancia Flavia Sport Zagato - Geneva Classic Car Club","og_description":"Cette voiture est exclusivement accessible pour les membres Gold &amp; Platinum.        Ann\u00e9e : 1965 Moteur : 4 cylindres boxer, 1.8 Litres Performance : 92 cv Transmission : Manuelle 4 vitesses Vitesse Max:\u00a0180 km\/h Acc\u00e9l\u00e9ration 0-100km\/h : 14.0 sec Nombre de places : 2+2 Ceinture : non  Categorie : \u2605\u2605\u2605\u2605\u2605\u2605","og_url":"https:\/\/genevaclassiccarclub.ch\/fr\/produit\/lancia-flavia-sport-zagato\/","og_site_name":"Geneva Classic Car Club","article_modified_time":"2020-01-28T22:00:46+00:00","og_image":[{"width":1278,"height":852,"url":"https:\/\/genevaclassiccarclub.ch\/wp-content\/uploads\/2019\/01\/zagato.jpg","type":"image\/jpeg"}],"twitter_card":"summary_large_image","twitter_misc":{"Dur\u00e9e de lecture estim\u00e9e":"6 minutes"},"schema":{"@context":"https:\/\/schema.org","@graph":[{"@type":"WebPage","@id":"https:\/\/genevaclassiccarclub.ch\/fr\/produit\/lancia-flavia-sport-zagato\/","url":"https:\/\/genevaclassiccarclub.ch\/fr\/produit\/lancia-flavia-sport-zagato\/","name":"Lancia Flavia Sport Zagato - Geneva Classic Car Club","isPartOf":{"@id":"https:\/\/genevaclassiccarclub.ch\/fr\/#website"},"datePublished":"2019-01-28T17:29:56+00:00","dateModified":"2020-01-28T22:00:46+00:00","breadcrumb":{"@id":"https:\/\/genevaclassiccarclub.ch\/fr\/produit\/lancia-flavia-sport-zagato\/#breadcrumb"},"inLanguage":"fr-FR","potentialAction":[{"@type":"ReadAction","target":["https:\/\/genevaclassiccarclub.ch\/fr\/produit\/lancia-flavia-sport-zagato\/"]}]},{"@type":"BreadcrumbList","@id":"https:\/\/genevaclassiccarclub.ch\/fr\/produit\/lancia-flavia-sport-zagato\/#breadcrumb","itemListElement":[{"@type":"ListItem","position":1,"name":"Accueil","item":"https:\/\/genevaclassiccarclub.ch\/fr\/"},{"@type":"ListItem","position":2,"name":"Boutique","item":"https:\/\/genevaclassiccarclub.ch\/boutique\/"},{"@type":"ListItem","position":3,"name":"Lancia Flavia Sport Zagato"}]},{"@type":"WebSite","@id":"https:\/\/genevaclassiccarclub.ch\/fr\/#website","url":"https:\/\/genevaclassiccarclub.ch\/fr\/","name":"Geneva Classic Car Club","description":"Dive into the world of classic cars","potentialAction":[{"@type":"SearchAction","target":{"@type":"EntryPoint","urlTemplate":"https:\/\/genevaclassiccarclub.ch\/fr\/?s={search_term_string}"},"query-input":"required name=search_term_string"}],"inLanguage":"fr-FR"}]}},"jetpack_sharing_enabled":true,"_links":{"self":[{"href":"https:\/\/genevaclassiccarclub.ch\/fr\/wp-json\/wp\/v2\/product\/21296"}],"collection":[{"href":"https:\/\/genevaclassiccarclub.ch\/fr\/wp-json\/wp\/v2\/product"}],"about":[{"href":"https:\/\/genevaclassiccarclub.ch\/fr\/wp-json\/wp\/v2\/types\/product"}],"replies":[{"embeddable":true,"href":"https:\/\/genevaclassiccarclub.ch\/fr\/wp-json\/wp\/v2\/comments?post=21296"}],"wp:featuredmedia":[{"embeddable":true,"href":"https:\/\/genevaclassiccarclub.ch\/fr\/wp-json\/wp\/v2\/media\/21074"}],"wp:attachment":[{"href":"https:\/\/genevaclassiccarclub.ch\/fr\/wp-json\/wp\/v2\/media?parent=21296"}],"wp:term":[{"taxonomy":"product_cat","embeddable":true,"href":"https:\/\/genevaclassiccarclub.ch\/fr\/wp-json\/wp\/v2\/product_cat?post=21296"},{"taxonomy":"product_tag","embeddable":true,"href":"https:\/\/genevaclassiccarclub.ch\/fr\/wp-json\/wp\/v2\/product_tag?post=21296"}],"curies":[{"name":"wp","href":"https:\/\/api.w.org\/{rel}","templated":true}]}}